{"id":9726,"date":"2019-10-29T13:42:46","date_gmt":"2019-10-29T12:42:46","guid":{"rendered":"http:\/\/localhost\/wordpress5\/?page_id=9726"},"modified":"2024-07-24T17:41:47","modified_gmt":"2024-07-24T15:41:47","slug":"analyses-et-couts","status":"publish","type":"page","link":"https:\/\/cedres.org\/?page_id=9726","title":{"rendered":"ANALYSES ET CO\u00dbTS"},"content":{"rendered":"<p>[vc_section][vc_row equal_height=&#8221;yes&#8221; parallax=&#8221;content-moving&#8221;][vc_column][vc_row_inner][vc_column_inner][vc_custom_heading text=&#8221;Les analyses et co\u00fbts&#8221; font_container=&#8221;tag:h3|font_size:20px|text_align:center|color:%23000000&#8243; use_theme_fonts=&#8221;yes&#8221; el_class=&#8221;font-weight&#8221;][vc_column_text]<strong>NB :\u00a0 Vous trouverez ci-dessous la liste des diff\u00e9rentes analyses biologiques effectu\u00e9es au sein du laboratoire , la tarification ,\u00a0 les conditions de pr\u00e9l\u00e8vement et le d\u00e9lai de rendu des r\u00e9sultats.<\/strong>[\/vc_column_text][\/vc_column_inner][\/vc_row_inner][vc_empty_space][vc_column_text el_class=&#8221;box-shadow&#8221;]\n<table id=\"tablepress-6\" class=\"tablepress tablepress-id-6\">\n<thead>\n<tr class=\"row-1 odd\">\n\t<th class=\"column-1\">   TESTS  R\u00c9ALIS\u00c9S<br \/>\n<\/th><th class=\"column-2\">CONDITIONS DE PR\u00c9L\u00c8VEMENT<\/th><th class=\"column-3\">DELAIS DE RENDU DES R\u00c9SULTATS<\/th><th class=\"column-4\">  TARIFS (FCFA)<br \/>\n<\/th>\n<\/tr>\n<\/thead>\n<tbody class=\"row-hover\">\n<tr class=\"row-2 even\">\n\t<td class=\"column-1\">NFS<br \/>\n<\/td><td class=\"column-2\"><\/td><td class=\"column-3\">1 Jour<\/td><td class=\"column-4\">4000<br \/>\n<\/td>\n<\/tr>\n<tr class=\"row-3 odd\">\n\t<td class=\"column-1\">VS<\/td><td class=\"column-2\"><\/td><td class=\"column-3\">1 Jour<\/td><td class=\"column-4\">800<br \/>\n<\/td>\n<\/tr>\n<tr class=\"row-4 even\">\n\t<td class=\"column-1\">Taux de r\u00e9ticulocytes<br \/>\n<\/td><td class=\"column-2\"><\/td><td class=\"column-3\">1 Jour<\/td><td class=\"column-4\">1000<br \/>\n<\/td>\n<\/tr>\n<tr class=\"row-5 odd\">\n\t<td class=\"column-1\">Num\u00e9ration CD4<\/td><td class=\"column-2\">       \u00e0 je\u00fbn<\/td><td class=\"column-3\">48 Heures<\/td><td class=\"column-4\">8000<br \/>\n<\/td>\n<\/tr>\n<tr class=\"row-6 even\">\n\t<td class=\"column-1\">S\u00e9rologie VIH \u00bd<br \/>\n<\/td><td class=\"column-2\">       \u00e0 je\u00fbn<\/td><td class=\"column-3\">Tous les Lundis et Mercredis<\/td><td class=\"column-4\">7000<br \/>\n<\/td>\n<\/tr>\n<tr class=\"row-7 odd\">\n\t<td class=\"column-1\">Ag HBsS \/ Ac Anti HBsS<\/td><td class=\"column-2\">       \u00e0 je\u00fbn<\/td><td class=\"column-3\">1 Semaine \/Tous les derniers jeudis du mois<\/td><td class=\"column-4\">7000<\/td>\n<\/tr>\n<tr class=\"row-8 even\">\n\t<td class=\"column-1\">Ac Anti HBcC Totaux \/ IgM<\/td><td class=\"column-2\">       \u00e0 je\u00fbn<\/td><td class=\"column-3\">1 Semaine<\/td><td class=\"column-4\">7000<\/td>\n<\/tr>\n<tr class=\"row-9 odd\">\n\t<td class=\"column-1\">Ac Anti HCV<br \/>\n<\/td><td class=\"column-2\">       \u00e0 je\u00fbn<\/td><td class=\"column-3\">Tous les derniers Mardis du mois<\/td><td class=\"column-4\">10000<br \/>\n<\/td>\n<\/tr>\n<tr class=\"row-10 even\">\n\t<td class=\"column-1\">Ag HBE<br \/>\n<\/td><td class=\"column-2\">       \u00e0 je\u00fbn<\/td><td class=\"column-3\">Tous les derniers Jeudis du mois<\/td><td class=\"column-4\">7000<br \/>\n<\/td>\n<\/tr>\n<tr class=\"row-11 odd\">\n\t<td class=\"column-1\">Ac Anti HBeE<br \/>\n<\/td><td class=\"column-2\">       \u00e0 je\u00fbn<\/td><td class=\"column-3\">Tous les derniers Jeudis du mois<\/td><td class=\"column-4\">7000<br \/>\n<\/td>\n<\/tr>\n<tr class=\"row-12 even\">\n\t<td class=\"column-1\">Widal et F\u00e9lix<br \/>\n<\/td><td class=\"column-2\">       \u00e0 je\u00fbn<\/td><td class=\"column-3\">24 Heures<\/td><td class=\"column-4\">4000<br \/>\n<\/td>\n<\/tr>\n<tr class=\"row-13 odd\">\n\t<td class=\"column-1\">S\u00e9rologie Toxoplasmose IgG\/IgM<br \/>\n<\/td><td class=\"column-2\">       \u00e0 je\u00fbn<\/td><td class=\"column-3\">15 Jours<\/td><td class=\"column-4\">4000 \/ 6000<br \/>\n<\/td>\n<\/tr>\n<tr class=\"row-14 even\">\n\t<td class=\"column-1\">S\u00e9rologie Chlamydiae IgG\/IgA<br \/>\n<\/td><td class=\"column-2\">       \u00e0 je\u00fbn<\/td><td class=\"column-3\">15 Jours<\/td><td class=\"column-4\">8000 \/ 9000<br \/>\n<\/td>\n<\/tr>\n<tr class=\"row-15 odd\">\n\t<td class=\"column-1\">S\u00e9rologie Syphillis (TPHA\/VDRL)<br \/>\n<\/td><td class=\"column-2\">       \u00e0 je\u00fbn<\/td><td class=\"column-3\">48 Heures<\/td><td class=\"column-4\">4000<br \/>\n<\/td>\n<\/tr>\n<tr class=\"row-16 even\">\n\t<td class=\"column-1\">Ur\u00e9e<br \/>\n<\/td><td class=\"column-2\">       \u00e0 je\u00fbn<\/td><td class=\"column-3\">1 Jour<\/td><td class=\"column-4\">1000<br \/>\n<\/td>\n<\/tr>\n<tr class=\"row-17 odd\">\n\t<td class=\"column-1\">Cr\u00e9atinine<br \/>\n<\/td><td class=\"column-2\">       \u00e0 je\u00fbn<\/td><td class=\"column-3\">1 Jour<\/td><td class=\"column-4\">1000<br \/>\n<\/td>\n<\/tr>\n<tr class=\"row-18 even\">\n\t<td class=\"column-1\">Clairance r\u00e9nale de la cr\u00e9atinine<br \/>\n<\/td><td class=\"column-2\">       \u00e0 je\u00fbn<\/td><td class=\"column-3\">1 Jour<\/td><td class=\"column-4\">3000<br \/>\n<\/td>\n<\/tr>\n<tr class=\"row-19 odd\">\n\t<td class=\"column-1\">Glucose<br \/>\n<\/td><td class=\"column-2\">       \u00e0 je\u00fbn<\/td><td class=\"column-3\">1 Jour<\/td><td class=\"column-4\">1000<br \/>\n<\/td>\n<\/tr>\n<tr class=\"row-20 even\">\n\t<td class=\"column-1\">Cholest\u00e9rol-Total<br \/>\n<\/td><td class=\"column-2\">       \u00e0 je\u00fbn<\/td><td class=\"column-3\">1 Jour<\/td><td class=\"column-4\">1000<br \/>\n<\/td>\n<\/tr>\n<tr class=\"row-21 odd\">\n\t<td class=\"column-1\">HDL Cholest\u00e9rol \/ LDL Cholest\u00e9rol<\/td><td class=\"column-2\">       \u00e0 je\u00fbn<\/td><td class=\"column-3\">1 Jour<\/td><td class=\"column-4\">3500<\/td>\n<\/tr>\n<tr class=\"row-22 even\">\n\t<td class=\"column-1\">Triglyc\u00e9rides<br \/>\n<\/td><td class=\"column-2\">      \u00e0 je\u00fbn<\/td><td class=\"column-3\">1 Jour<\/td><td class=\"column-4\">3000<br \/>\n<\/td>\n<\/tr>\n<tr class=\"row-23 odd\">\n\t<td class=\"column-1\">Acide urique \/ Lactique<\/td><td class=\"column-2\"><\/td><td class=\"column-3\">1 Jour<\/td><td class=\"column-4\">3000<\/td>\n<\/tr>\n<tr class=\"row-24 even\">\n\t<td class=\"column-1\">Bilirubine Totale \/ Conjugu\u00e9e<br \/>\n<\/td><td class=\"column-2\">\u00e0 je\u00fbn<\/td><td class=\"column-3\">1 Jour<\/td><td class=\"column-4\">1000 \/ 1500<br \/>\n<\/td>\n<\/tr>\n<tr class=\"row-25 odd\">\n\t<td class=\"column-1\">Ionogramme Sanguin<br \/>\n<\/td><td class=\"column-2\">\u00e0 je\u00fbn<\/td><td class=\"column-3\">1 Jour<\/td><td class=\"column-4\">3000<br \/>\n<\/td>\n<\/tr>\n<tr class=\"row-26 even\">\n\t<td class=\"column-1\">Calcium \/ Magn\u00e9sium<\/td><td class=\"column-2\">\u00e0 je\u00fbn<\/td><td class=\"column-3\">1 Jour<\/td><td class=\"column-4\">2000<\/td>\n<\/tr>\n<tr class=\"row-27 odd\">\n\t<td class=\"column-1\">Albumine sanguin<br \/>\n<\/td><td class=\"column-2\">\u00e0 je\u00fbn<\/td><td class=\"column-3\">1 Jour<\/td><td class=\"column-4\">4000<br \/>\n<\/td>\n<\/tr>\n<tr class=\"row-28 even\">\n\t<td class=\"column-1\">Prot\u00e9ines Totales<br \/>\n<\/td><td class=\"column-2\">\u00e0 je\u00fbn<\/td><td class=\"column-3\">1 Jour<\/td><td class=\"column-4\">1000<br \/>\n<\/td>\n<\/tr>\n<tr class=\"row-29 odd\">\n\t<td class=\"column-1\">Transaminases (ASAT + ALAT)<br \/>\n<\/td><td class=\"column-2\">\u00e0 je\u00fbn<\/td><td class=\"column-3\">1 Jour<\/td><td class=\"column-4\">6000<br \/>\n<\/td>\n<\/tr>\n<tr class=\"row-30 even\">\n\t<td class=\"column-1\">Phosphatase alcaline (PAL)<br \/>\n<\/td><td class=\"column-2\">\u00e0 je\u00fbn<\/td><td class=\"column-3\">1 Jour<\/td><td class=\"column-4\">3000<br \/>\n<\/td>\n<\/tr>\n<tr class=\"row-31 odd\">\n\t<td class=\"column-1\">Lactate deshydrog\u00e9nase (LDH)<br \/>\n<\/td><td class=\"column-2\">\u00e0 je\u00fbn<\/td><td class=\"column-3\">1 Jour<\/td><td class=\"column-4\">3000<br \/>\n<\/td>\n<\/tr>\n<tr class=\"row-32 even\">\n\t<td class=\"column-1\">Gamma Glutamyl Transf\u00e9rase (GGT)<br \/>\n<\/td><td class=\"column-2\">\u00e0 je\u00fbn<\/td><td class=\"column-3\">1 Jour<\/td><td class=\"column-4\">3500<br \/>\n<\/td>\n<\/tr>\n<tr class=\"row-33 odd\">\n\t<td class=\"column-1\">Amylase<br \/>\n<\/td><td class=\"column-2\">\u00e0 je\u00fbn<\/td><td class=\"column-3\">1 Jour<\/td><td class=\"column-4\">3500<br \/>\n<\/td>\n<\/tr>\n<tr class=\"row-34 even\">\n\t<td class=\"column-1\">Cr\u00e9atine phospho-kinase (CPK)<br \/>\n<\/td><td class=\"column-2\">\u00e0 je\u00fbn<\/td><td class=\"column-3\">1 Jour<\/td><td class=\"column-4\">3500<br \/>\n<\/td>\n<\/tr>\n<tr class=\"row-35 odd\">\n\t<td class=\"column-1\">Prot\u00e9ine C-r\u00e9active (CRP)<br \/>\n<\/td><td class=\"column-2\">\u00e0 je\u00fbn<\/td><td class=\"column-3\">1 Jour<\/td><td class=\"column-4\">4000<br \/>\n<\/td>\n<\/tr>\n<tr class=\"row-36 even\">\n\t<td class=\"column-1\">Prot\u00e9inurie*  + Glucose*<br \/>\n<\/td><td class=\"column-2\">* Urine de 24 h<br \/>\n<br \/>\n* Urine d\u2019une miction<br \/>\n<\/td><td class=\"column-3\">1 Jour<\/td><td class=\"column-4\">1500<br \/>\n<\/td>\n<\/tr>\n<tr class=\"row-37 odd\">\n\t<td class=\"column-1\">Prot\u00e9inurie de 24 hQ<br \/>\n<\/td><td class=\"column-2\">\uf051 Urine de 24 h<br \/>\n<br \/>\n* Urine d\u2019une miction<br \/>\n<\/td><td class=\"column-3\">1 Jour<\/td><td class=\"column-4\">1000<br \/>\n<\/td>\n<\/tr>\n<tr class=\"row-38 even\">\n\t<td class=\"column-1\">Ur\u00e9e<br \/>\n<\/td><td class=\"column-2\">\uf051 Urine de 24 h<br \/>\n<br \/>\n* Urine d\u2019une miction<br \/>\n<\/td><td class=\"column-3\">1 Jour<\/td><td class=\"column-4\">1000<br \/>\n<\/td>\n<\/tr>\n<tr class=\"row-39 odd\">\n\t<td class=\"column-1\">Cr\u00e9atinine<br \/>\n<\/td><td class=\"column-2\">\uf051 Urine de 24 h<br \/>\n<br \/>\n* Urine d\u2019une miction<br \/>\n<\/td><td class=\"column-3\">1 Jour<\/td><td class=\"column-4\">1000<br \/>\n<\/td>\n<\/tr>\n<tr class=\"row-40 even\">\n\t<td class=\"column-1\">Acide Urique<br \/>\n<\/td><td class=\"column-2\">\uf051 Urine de 24 h<br \/>\n<br \/>\n* Urine d\u2019une miction<br \/>\n<\/td><td class=\"column-3\">1 Jour<\/td><td class=\"column-4\">1000<br \/>\n<\/td>\n<\/tr>\n<tr class=\"row-41 odd\">\n\t<td class=\"column-1\">Ionogramme UrinaireQ<br \/>\n<\/td><td class=\"column-2\">\uf051 Urine de 24 h<br \/>\n<br \/>\n* Urine d\u2019une miction<br \/>\n<\/td><td class=\"column-3\">1 Jour<\/td><td class=\"column-4\">3000<br \/>\n<\/td>\n<\/tr>\n<tr class=\"row-42 even\">\n\t<td class=\"column-1\">Amylase<br \/>\n<\/td><td class=\"column-2\">\uf051 Urine de 24 h<br \/>\n<br \/>\n* Urine d\u2019une miction<br \/>\n<\/td><td class=\"column-3\">1 Jour<\/td><td class=\"column-4\">3500<br \/>\n<\/td>\n<\/tr>\n<tr class=\"row-43 odd\">\n\t<td class=\"column-1\">Prot\u00e9ines<br \/>\nGlucose  } Chimie Liquide, d\u2019\u00e9panchement<br \/>\nChlore<br \/>\n<\/td><td class=\"column-2\"><\/td><td class=\"column-3\">1 Jour<\/td><td class=\"column-4\">1000<br \/>\n1000<br \/>\n1000<br \/>\n<\/td>\n<\/tr>\n<tr class=\"row-44 even\">\n\t<td class=\"column-1\">Prot\u00e9ines<br \/>\nGlucose  }Chimie du LCR<br \/>\nChlore<br \/>\n<\/td><td class=\"column-2\"><\/td><td class=\"column-3\">1 Jour<\/td><td class=\"column-4\">3000<br \/>\n<\/td>\n<\/tr>\n<tr class=\"row-45 odd\">\n\t<td class=\"column-1\">Examen Parasitologique des selles (KOP)<br \/>\n<\/td><td class=\"column-2\"><\/td><td class=\"column-3\">1 Jour<\/td><td class=\"column-4\">3500<br \/>\n<\/td>\n<\/tr>\n<tr class=\"row-46 even\">\n\t<td class=\"column-1\">Recherche de Cryptosporidies dans <br \/>\nles selles<br \/>\n<\/td><td class=\"column-2\">\u00e0 je\u00fbn<\/td><td class=\"column-3\">1 Jour<\/td><td class=\"column-4\">3000<br \/>\n<\/td>\n<\/tr>\n<tr class=\"row-47 odd\">\n\t<td class=\"column-1\">Recherche de Microsporidies dans <br \/>\nles selles<br \/>\n<\/td><td class=\"column-2\">\u00e0 je\u00fbn<\/td><td class=\"column-3\">1 Jour<\/td><td class=\"column-4\">3000<br \/>\n<\/td>\n<\/tr>\n<tr class=\"row-48 even\">\n\t<td class=\"column-1\">Examen Parasitologique des urines<br \/>\n<\/td><td class=\"column-2\">\u00e0 je\u00fbn<\/td><td class=\"column-3\">1 Jour<\/td><td class=\"column-4\">3500<br \/>\n<\/td>\n<\/tr>\n<tr class=\"row-49 odd\">\n\t<td class=\"column-1\">Recherche d\u2019H\u00e9matozoaires<br \/>\n (GE, QBC)<br \/>\n<\/td><td class=\"column-2\">\u00e0 je\u00fbn<\/td><td class=\"column-3\">Le m\u00eame jour<\/td><td class=\"column-4\">2500<br \/>\n<\/td>\n<\/tr>\n<tr class=\"row-50 even\">\n\t<td class=\"column-1\">Recherche d\u2019autres parasites <br \/>\nsanguicoles<br \/>\n<\/td><td class=\"column-2\">\u00e0 je\u00fbn<\/td><td class=\"column-3\">Le m\u00eame jour<\/td><td class=\"column-4\">2500<br \/>\n<\/td>\n<\/tr>\n<tr class=\"row-51 odd\">\n\t<td class=\"column-1\">Recherche de Pneumocystis jiroveci<br \/>\n<\/td><td class=\"column-2\">\u00e0 je\u00fbn<\/td><td class=\"column-3\">2 jours<\/td><td class=\"column-4\">4000<br \/>\n<\/td>\n<\/tr>\n<tr class=\"row-52 even\">\n\t<td class=\"column-1\">Examen Mycologique<br \/>\n<\/td><td class=\"column-2\">\u00e0 je\u00fbn<\/td><td class=\"column-3\">7 \u2013 14 Jours<\/td><td class=\"column-4\">6500<br \/>\n<\/td>\n<\/tr>\n<tr class=\"row-53 odd\">\n\t<td class=\"column-1\">Recherche d\u2019Antig\u00e8nes solubles de <br \/>\nCryptocoque<br \/>\n<\/td><td class=\"column-2\">\u00e0 je\u00fbn<\/td><td class=\"column-3\">Le m\u00eame jour<\/td><td class=\"column-4\">2000<br \/>\n<\/td>\n<\/tr>\n<tr class=\"row-54 even\">\n\t<td class=\"column-1\">Recherche de Cryptocoque dans <br \/>\nle LCR<br \/>\n<\/td><td class=\"column-2\">\u00e0 je\u00fbn<\/td><td class=\"column-3\">Le m\u00eame jour<\/td><td class=\"column-4\">6500<br \/>\n<\/td>\n<\/tr>\n<tr class=\"row-55 odd\">\n\t<td class=\"column-1\">Charge virale plasmatique ARN VIH1<br \/>\nCharge virale cellulaire ADN VIH1<br \/>\nCharge virale plasmatique ARN VIH2<br \/>\n<\/td><td class=\"column-2\">\u00e0 je\u00fbn<\/td><td class=\"column-3\">1 Jour<\/td><td class=\"column-4\">19 000 <br \/>\n<\/td>\n<\/tr>\n<tr class=\"row-56 even\">\n\t<td class=\"column-1\">Charge virale ARN VIH1 dans le LCR<br \/>\n<\/td><td class=\"column-2\">\u00e0 je\u00fbn<\/td><td class=\"column-3\">1 Jour<\/td><td class=\"column-4\">19 000 <br \/>\n<\/td>\n<\/tr>\n<tr class=\"row-57 odd\">\n\t<td class=\"column-1\">Charge virale ARN VIH1dans le lait maternel<br \/>\n<\/td><td class=\"column-2\">\u00e0 je\u00fbn<\/td><td class=\"column-3\">1 Jour<\/td><td class=\"column-4\">19 000 <br \/>\n<\/td>\n<\/tr>\n<tr class=\"row-58 even\">\n\t<td class=\"column-1\">D\u00e9pistage p\u00e9diatrique pr\u00e9coce du VIH1<br \/>\nD\u00e9pistage p\u00e9diatrique pr\u00e9coce du VIH2<br \/>\n<\/td><td class=\"column-2\">\u00e0 je\u00fbn<\/td><td class=\"column-3\">1 Jour<\/td><td class=\"column-4\">19 000 <br \/>\n<\/td>\n<\/tr>\n<tr class=\"row-59 odd\">\n\t<td class=\"column-1\">ECBU<br \/>\n<\/td><td class=\"column-2\">\u00e0 je\u00fbn<\/td><td class=\"column-3\">1 Jour<\/td><td class=\"column-4\">4500<br \/>\n<\/td>\n<\/tr>\n<tr class=\"row-60 even\">\n\t<td class=\"column-1\">Coproculture \/ H\u00e9moculture<\/td><td class=\"column-2\">\u00e0 je\u00fbn<\/td><td class=\"column-3\">1 Jour<\/td><td class=\"column-4\">6500<\/td>\n<\/tr>\n<tr class=\"row-61 odd\">\n\t<td class=\"column-1\">LCR       Cytologie<br \/>\nBact\u00e9riologie<br \/>\nAntig\u00e8ne Soluble<br \/>\n<\/td><td class=\"column-2\">\u00e0 je\u00fbn<\/td><td class=\"column-3\">1 Jour<\/td><td class=\"column-4\"> 2500<br \/>\n 4000<br \/>\n 2000<br \/>\n<\/td>\n<\/tr>\n<tr class=\"row-62 even\">\n\t<td class=\"column-1\">PV\/PU<br \/>\n<\/td><td class=\"column-2\">\u00e0 je\u00fbn<\/td><td class=\"column-3\">1 Jour<\/td><td class=\"column-4\">6500<br \/>\n<\/td>\n<\/tr>\n<tr class=\"row-63 odd\">\n\t<td class=\"column-1\">Liquides D\u2019Epanchement (Ascite, <br \/>\nLiquide Pleural,\u2026) Cytologie<br \/>\n                 Bact\u00e9riologie<br \/>\n<\/td><td class=\"column-2\">\u00e0 je\u00fbn<\/td><td class=\"column-3\">1 Jour<\/td><td class=\"column-4\">2500<br \/>\n4000<br \/>\n<\/td>\n<\/tr>\n<tr class=\"row-64 even\">\n\t<td class=\"column-1\">Pus, plais, peau: Cytobact\u00e9riologie<br \/>\n<\/td><td class=\"column-2\">\u00e0 je\u00fbn<\/td><td class=\"column-3\">1 Jour<\/td><td class=\"column-4\">4000<br \/>\n<\/td>\n<\/tr>\n<tr class=\"row-65 odd\">\n\t<td class=\"column-1\">Recherche de BK direct  \/culture<br \/>\n<\/td><td class=\"column-2\">Voir salle de pr\u00e9l\u00e8vement<\/td><td class=\"column-3\">52 Jours<\/td><td class=\"column-4\">1000\/10000<br \/>\n<\/td>\n<\/tr>\n<tr class=\"row-66 even\">\n\t<td class=\"column-1\">H\u00e9moculture BK \/ Antibiogramme BK<br \/>\n<\/td><td class=\"column-2\">Voir salle de pr\u00e9l\u00e8vement<\/td><td class=\"column-3\">52 Jours \/ 60 jours<\/td><td class=\"column-4\">10000<br \/>\n<\/td>\n<\/tr>\n<\/tbody>\n<\/table>\n<!-- #tablepress-6 from cache -->[\/vc_column_text][vc_row_inner][vc_column_inner][\/vc_column_inner][\/vc_row_inner][vc_empty_space][\/vc_column][\/vc_row][\/vc_section][vc_row][vc_column][\/vc_column][\/vc_row][vc_row][vc_column][\/vc_column][\/vc_row][vc_row][vc_column][\/vc_column][\/vc_row][vc_row][vc_column][\/vc_column][\/vc_row][vc_row][vc_column][product_category per_page=&#8221;12&#8243; columns=&#8221;4&#8243; orderby=&#8221;menu_order title&#8221; order=&#8221;ASC&#8221; category=&#8221;b-p-monitor&#8221;][\/vc_column][\/vc_row]<\/p>\n","protected":false},"excerpt":{"rendered":"<p>[vc_section][vc_row equal_height=&#8221;yes&#8221; parallax=&#8221;content-moving&#8221;][vc_column][vc_row_inner][vc_column_inner][vc_custom_heading text=&#8221;Les analyses et co\u00fbts&#8221; font_container=&#8221;tag:h3|font_size:20px|text_align:center|color:%23000000&#8243; use_theme_fonts=&#8221;yes&#8221; el_class=&#8221;font-weight&#8221;][vc_column_text]NB :\u00a0 Vous trouverez ci-dessous la liste des diff\u00e9rentes analyses biologiques effectu\u00e9es au sein du laboratoire , la tarification ,\u00a0 les conditions de pr\u00e9l\u00e8vement et le d\u00e9lai de rendu des r\u00e9sultats.[\/vc_column_text][\/vc_column_inner][\/vc_row_inner][vc_empty_space][vc_column_text el_class=&#8221;box-shadow&#8221;][\/vc_column_text][vc_row_inner][vc_column_inner][\/vc_column_inner][\/vc_row_inner][vc_empty_space][\/vc_column][\/vc_row][\/vc_section][vc_row][vc_column][\/vc_column][\/vc_row][vc_row][vc_column][\/vc_column][\/vc_row][vc_row][vc_column][\/vc_column][\/vc_row][vc_row][vc_column][\/vc_column][\/vc_row][vc_row][vc_column][product_category per_page=&#8221;12&#8243; columns=&#8221;4&#8243; orderby=&#8221;menu_order title&#8221; order=&#8221;ASC&#8221; category=&#8221;b-p-monitor&#8221;][\/vc_column][\/vc_row]<\/p>\n","protected":false},"author":9,"featured_media":0,"parent":0,"menu_order":0,"comment_status":"closed","ping_status":"closed","template":"","meta":{"om_disable_all_campaigns":false,"footnotes":""},"class_list":["post-9726","page","type-page","status-publish","hentry"],"_links":{"self":[{"href":"https:\/\/cedres.org\/index.php?rest_route=\/wp\/v2\/pages\/9726","targetHints":{"allow":["GET"]}}],"collection":[{"href":"https:\/\/cedres.org\/index.php?rest_route=\/wp\/v2\/pages"}],"about":[{"href":"https:\/\/cedres.org\/index.php?rest_route=\/wp\/v2\/types\/page"}],"author":[{"embeddable":true,"href":"https:\/\/cedres.org\/index.php?rest_route=\/wp\/v2\/users\/9"}],"replies":[{"embeddable":true,"href":"https:\/\/cedres.org\/index.php?rest_route=%2Fwp%2Fv2%2Fcomments&post=9726"}],"version-history":[{"count":9,"href":"https:\/\/cedres.org\/index.php?rest_route=\/wp\/v2\/pages\/9726\/revisions"}],"predecessor-version":[{"id":10899,"href":"https:\/\/cedres.org\/index.php?rest_route=\/wp\/v2\/pages\/9726\/revisions\/10899"}],"wp:attachment":[{"href":"https:\/\/cedres.org\/index.php?rest_route=%2Fwp%2Fv2%2Fmedia&parent=9726"}],"curies":[{"name":"wp","href":"https:\/\/api.w.org\/{rel}","templated":true}]}}