{"id":9271,"date":"2019-10-11T16:05:27","date_gmt":"2019-10-11T14:05:27","guid":{"rendered":"http:\/\/192.168.0.249\/wordpress5\/?page_id=9271"},"modified":"2024-09-19T14:11:02","modified_gmt":"2024-09-19T12:11:02","slug":"photos","status":"publish","type":"page","link":"https:\/\/cedres.org\/?page_id=9271","title":{"rendered":"PHOTOS"},"content":{"rendered":"<p>[vc_row][vc_column][vc_row_inner][vc_column_inner][vc_empty_space][\/vc_column_inner][\/vc_row_inner][vc_row_inner][vc_column_inner width=&#8221;1\/3&#8243;][vc_single_image image=&#8221;9778&#8243; img_size=&#8221;full&#8221; style=&#8221;vc_box_border&#8221; border_color=&#8221;sky&#8221;][vc_custom_heading text=&#8221;Inauguration CeDReS&#8221; font_container=&#8221;tag:h3|font_size:17px|text_align:center|color:%23000000&#8243; use_theme_fonts=&#8221;yes&#8221; link=&#8221;url:http%3A%2F%2Flocalhost%2Fwordpress5%2Fgalerie1%2F|title:Galerie1||&#8221; el_class=&#8221;text-underline-position-under&#8221;][vc_column_text]<\/p>\n<p style=\"text-align: center;\"><strong>Du 28.10.19<\/strong><\/p>\n<p>[\/vc_column_text][\/vc_column_inner][vc_column_inner width=&#8221;1\/3&#8243;][vc_single_image image=&#8221;9462&#8243; img_size=&#8221;full&#8221; add_caption=&#8221;yes&#8221; alignment=&#8221;center&#8221;][vc_custom_heading text=&#8221;Pr\u00e9sident et Secr\u00e9taire G\u00e9n\u00e9ral du Comit\u00e9 Social du CeDReS&#8221; font_container=&#8221;tag:h3|font_size:17px|text_align:left&#8221;][vc_column_text]\u00e0 la f\u00eate du travail au domicile du Pr MENAN le 31\/04\/19.[\/vc_column_text][\/vc_column_inner][vc_column_inner width=&#8221;1\/3&#8243;][vc_single_image image=&#8221;9459&#8243; img_size=&#8221;full&#8221; add_caption=&#8221;yes&#8221; alignment=&#8221;center&#8221;][vc_custom_heading text=&#8221;Tr\u00e9sori\u00e8re du Comit\u00e9 Social du CeDReS&#8221; font_container=&#8221;tag:h3|font_size:17px|text_align:center&#8221;][\/vc_column_inner][\/vc_row_inner][vc_empty_space][\/vc_column][vc_column][vc_gallery interval=&#8221;5&#8243; images=&#8221;10159,9835,9824,9808&#8243; img_size=&#8221;1000px&#8221;][\/vc_column][\/vc_row][vc_row][vc_column][vc_empty_space][\/vc_column][\/vc_row][vc_row][vc_column width=&#8221;1\/2&#8243;][\/vc_column][vc_column width=&#8221;1\/2&#8243;][\/vc_column][\/vc_row][vc_row][vc_column][vc_empty_space][\/vc_column][\/vc_row]<\/p>\n","protected":false},"excerpt":{"rendered":"<p>[vc_row][vc_column][vc_row_inner][vc_column_inner][vc_empty_space][\/vc_column_inner][\/vc_row_inner][vc_row_inner][vc_column_inner width=&#8221;1\/3&#8243;][vc_single_image image=&#8221;9778&#8243; img_size=&#8221;full&#8221; style=&#8221;vc_box_border&#8221; border_color=&#8221;sky&#8221;][vc_custom_heading text=&#8221;Inauguration CeDReS&#8221; font_container=&#8221;tag:h3|font_size:17px|text_align:center|color:%23000000&#8243; use_theme_fonts=&#8221;yes&#8221; link=&#8221;url:http%3A%2F%2Flocalhost%2Fwordpress5%2Fgalerie1%2F|title:Galerie1||&#8221; el_class=&#8221;text-underline-position-under&#8221;][vc_column_text] Du 28.10.19 [\/vc_column_text][\/vc_column_inner][vc_column_inner width=&#8221;1\/3&#8243;][vc_single_image image=&#8221;9462&#8243; img_size=&#8221;full&#8221; add_caption=&#8221;yes&#8221; alignment=&#8221;center&#8221;][vc_custom_heading text=&#8221;Pr\u00e9sident et Secr\u00e9taire G\u00e9n\u00e9ral du Comit\u00e9 Social du CeDReS&#8221; font_container=&#8221;tag:h3|font_size:17px|text_align:left&#8221;][vc_column_text]\u00e0 la f\u00eate du travail au domicile du Pr MENAN le 31\/04\/19.[\/vc_column_text][\/vc_column_inner][vc_column_inner width=&#8221;1\/3&#8243;][vc_single_image image=&#8221;9459&#8243; img_size=&#8221;full&#8221; add_caption=&#8221;yes&#8221; alignment=&#8221;center&#8221;][vc_custom_heading text=&#8221;Tr\u00e9sori\u00e8re du Comit\u00e9 Social du CeDReS&#8221; font_container=&#8221;tag:h3|font_size:17px|text_align:center&#8221;][\/vc_column_inner][\/vc_row_inner][vc_empty_space][\/vc_column][vc_column][vc_gallery interval=&#8221;5&#8243; images=&#8221;10159,9835,9824,9808&#8243; [&hellip;]<\/p>\n","protected":false},"author":9,"featured_media":0,"parent":0,"menu_order":0,"comment_status":"closed","ping_status":"closed","template":"","meta":{"om_disable_all_campaigns":false,"footnotes":""},"class_list":["post-9271","page","type-page","status-publish","hentry"],"_links":{"self":[{"href":"https:\/\/cedres.org\/index.php?rest_route=\/wp\/v2\/pages\/9271","targetHints":{"allow":["GET"]}}],"collection":[{"href":"https:\/\/cedres.org\/index.php?rest_route=\/wp\/v2\/pages"}],"about":[{"href":"https:\/\/cedres.org\/index.php?rest_route=\/wp\/v2\/types\/page"}],"author":[{"embeddable":true,"href":"https:\/\/cedres.org\/index.php?rest_route=\/wp\/v2\/users\/9"}],"replies":[{"embeddable":true,"href":"https:\/\/cedres.org\/index.php?rest_route=%2Fwp%2Fv2%2Fcomments&post=9271"}],"version-history":[{"count":13,"href":"https:\/\/cedres.org\/index.php?rest_route=\/wp\/v2\/pages\/9271\/revisions"}],"predecessor-version":[{"id":10905,"href":"https:\/\/cedres.org\/index.php?rest_route=\/wp\/v2\/pages\/9271\/revisions\/10905"}],"wp:attachment":[{"href":"https:\/\/cedres.org\/index.php?rest_route=%2Fwp%2Fv2%2Fmedia&parent=9271"}],"curies":[{"name":"wp","href":"https:\/\/api.w.org\/{rel}","templated":true}]}}