{"id":9139,"date":"2019-10-08T18:05:14","date_gmt":"2019-10-08T16:05:14","guid":{"rendered":"http:\/\/192.168.0.249\/wordpress5\/?page_id=9139"},"modified":"2019-11-21T08:36:30","modified_gmt":"2019-11-21T07:36:30","slug":"examens-particuliers","status":"publish","type":"page","link":"https:\/\/cedres.org\/?page_id=9139","title":{"rendered":"Examens particuliers"},"content":{"rendered":"<p>[vc_row][vc_column][vc_row_inner][vc_column_inner][\/vc_column_inner][\/vc_row_inner][\/vc_column][\/vc_row][vc_row][vc_column][vc_empty_space][vc_row_inner][vc_column_inner][vc_column_text]<\/p>\n<p style=\"text-align: center;\"><strong>Les tests particuliers sont \u00e0 r\u00e9aliser au laboratoire sous la surveillance du biologiste et de\u00a0 l\u2019infirmi\u00e8r(e).<\/strong><\/p>\n<p style=\"text-align: center;\"><strong>La prise d&#8217;un rendez-vous est indispensable<\/strong><\/p>\n<p>[\/vc_column_text][\/vc_column_inner][\/vc_row_inner][\/vc_column][\/vc_row][vc_row][vc_column css_animation=&#8221;fadeInUp&#8221;][vc_row_inner css=&#8221;.vc_custom_1570794233589{background-position: center !important;background-repeat: no-repeat !important;background-size: cover !important;}&#8221;][vc_column_inner width=&#8221;1\/2&#8243;]\r<!-- fancy-text-box -->\r<div class=\"rt-fancy-text-box element-two  rt969622803 \" ><div class=\"holder matchHeight \"><div class=\"heading\"><div class=\"icon\"><\/div><div class=\"data\"><p class=\"title\">PR\u00c9L\u00c8VEMENT EN BIOCHIMIE<\/p><\/div><\/div><div class=\"content\"><p>Collecte des urines pour le dosage de la prot\u00e9inurie de 24H<\/p>\n<p>Recommandations<\/p>\n<p>P\u00e9riode de collecte<\/p>\n<p>Proc\u00e9dure de recueil<\/p><\/div><\/div><\/div>\r<!-- fancy-text-box -->\r[\/vc_column_inner][vc_column_inner width=&#8221;1\/2&#8243;]\r<!-- fancy-text-box -->\r<div class=\"rt-fancy-text-box element-two  rt3164500052 \" ><div class=\"holder matchHeight \"><div class=\"heading\"><div class=\"icon\"><\/div><div class=\"data\"><p class=\"title\">PR\u00c9L\u00c8VEMENT EN BACT\u00c9RIOLOGIE<\/p><\/div><\/div><div class=\"content\"><p>Pr\u00e9l\u00e8vement du LCR<\/p>\n<p>Pr\u00e9l\u00e8vements g\u00e9nitaux<\/p>\n<p>Pr\u00e9l\u00e8vement g\u00e9nital chez la femme (pr\u00e9l\u00e8vement vaginal)<\/p><\/div><\/div><\/div>\r<!-- fancy-text-box -->\r[\/vc_column_inner][\/vc_row_inner][vc_empty_space][\/vc_column][\/vc_row][vc_row][vc_column css_animation=&#8221;fadeInDown&#8221;][vc_row_inner][vc_column_inner width=&#8221;1\/2&#8243;]\r<!-- fancy-text-box -->\r<div class=\"rt-fancy-text-box element-two  rt1534001594 \" ><div class=\"holder matchHeight \"><div class=\"heading\"><div class=\"icon\"><\/div><div class=\"data\"><p class=\"title\">PR\u00c9L\u00c8VEMENT G\u00c9NITAL<\/p><\/div><\/div><div class=\"content\"><p>chez l\u2019homme (pr\u00e9l\u00e8vement ur\u00e9tral)<\/p>\n<p>Pr\u00e9l\u00e8vement d\u2019expectorations (crachats)<\/p>\n<p>Pr\u00e9l\u00e8vement des selles<\/p><\/div><\/div><\/div>\r<!-- fancy-text-box -->\r[vc_empty_space][\/vc_column_inner][vc_column_inner width=&#8221;1\/2&#8243;]\r<!-- fancy-text-box -->\r<div class=\"rt-fancy-text-box element-two  rt668315879 \" ><div class=\"holder matchHeight \"><div class=\"heading\"><div class=\"icon\"><\/div><div class=\"data\"><p class=\"title\">PR\u00c9L\u00c8VEMENT EN MYCOLOGIE<\/p><\/div><\/div><div class=\"content\"><p>Pr\u00e9l\u00e8vement d\u2019urines en vue d\u2019un ECBU<\/p>\n<p>Pour les femmes<\/p>\n<p>Pour les hommes<\/p><\/div><\/div><\/div>\r<!-- fancy-text-box -->\r[vc_empty_space][\/vc_column_inner][\/vc_row_inner][vc_row_inner equal_height=&#8221;yes&#8221; content_placement=&#8221;middle&#8221;][vc_column_inner width=&#8221;1\/2&#8243;]\r<!-- fancy-text-box -->\r<div class=\"rt-fancy-text-box element-two  rt3664806509 \" ><div class=\"holder matchHeight \"><div class=\"heading\"><div class=\"icon\"><\/div><div class=\"data\"><p class=\"title\">PR\u00c9L\u00c8VEMENT AVEC POCHE POUR LES ENFANTS<\/p><\/div><\/div><div class=\"content\"><p>Pr\u00e9l\u00e8vement chez les sujets porteurs de sonde v\u00e9sicale \u00e0 demeure<\/p>\n<p>Patient incontinent ou handicap\u00e9<\/p><\/div><\/div><\/div>\r<!-- fancy-text-box -->\r[\/vc_column_inner][vc_column_inner width=&#8221;1\/2&#8243;][\/vc_column_inner][\/vc_row_inner][vc_empty_space][\/vc_column][\/vc_row]<\/p>\n","protected":false},"excerpt":{"rendered":"<p>[vc_row][vc_column][vc_row_inner][vc_column_inner][\/vc_column_inner][\/vc_row_inner][\/vc_column][\/vc_row][vc_row][vc_column][vc_empty_space][vc_row_inner][vc_column_inner][vc_column_text] Les tests particuliers sont \u00e0 r\u00e9aliser au laboratoire sous la surveillance du biologiste et de\u00a0 l\u2019infirmi\u00e8r(e). La prise d&#8217;un rendez-vous est indispensable [\/vc_column_text][\/vc_column_inner][\/vc_row_inner][\/vc_column][\/vc_row][vc_row][vc_column css_animation=&#8221;fadeInUp&#8221;][vc_row_inner css=&#8221;.vc_custom_1570794233589{background-position: center !important;background-repeat: no-repeat !important;background-size: cover !important;}&#8221;][vc_column_inner width=&#8221;1\/2&#8243;][\/vc_column_inner][vc_column_inner width=&#8221;1\/2&#8243;][\/vc_column_inner][\/vc_row_inner][vc_empty_space][\/vc_column][\/vc_row][vc_row][vc_column css_animation=&#8221;fadeInDown&#8221;][vc_row_inner][vc_column_inner width=&#8221;1\/2&#8243;][vc_empty_space][\/vc_column_inner][vc_column_inner width=&#8221;1\/2&#8243;][vc_empty_space][\/vc_column_inner][\/vc_row_inner][vc_row_inner equal_height=&#8221;yes&#8221; content_placement=&#8221;middle&#8221;][vc_column_inner width=&#8221;1\/2&#8243;][\/vc_column_inner][vc_column_inner width=&#8221;1\/2&#8243;][\/vc_column_inner][\/vc_row_inner][vc_empty_space][\/vc_column][\/vc_row]<\/p>\n","protected":false},"author":9,"featured_media":0,"parent":0,"menu_order":0,"comment_status":"closed","ping_status":"closed","template":"","meta":{"om_disable_all_campaigns":false,"footnotes":""},"class_list":["post-9139","page","type-page","status-publish","hentry"],"_links":{"self":[{"href":"https:\/\/cedres.org\/index.php?rest_route=\/wp\/v2\/pages\/9139","targetHints":{"allow":["GET"]}}],"collection":[{"href":"https:\/\/cedres.org\/index.php?rest_route=\/wp\/v2\/pages"}],"about":[{"href":"https:\/\/cedres.org\/index.php?rest_route=\/wp\/v2\/types\/page"}],"author":[{"embeddable":true,"href":"https:\/\/cedres.org\/index.php?rest_route=\/wp\/v2\/users\/9"}],"replies":[{"embeddable":true,"href":"https:\/\/cedres.org\/index.php?rest_route=%2Fwp%2Fv2%2Fcomments&post=9139"}],"version-history":[{"count":3,"href":"https:\/\/cedres.org\/index.php?rest_route=\/wp\/v2\/pages\/9139\/revisions"}],"predecessor-version":[{"id":10090,"href":"https:\/\/cedres.org\/index.php?rest_route=\/wp\/v2\/pages\/9139\/revisions\/10090"}],"wp:attachment":[{"href":"https:\/\/cedres.org\/index.php?rest_route=%2Fwp%2Fv2%2Fmedia&parent=9139"}],"curies":[{"name":"wp","href":"https:\/\/api.w.org\/{rel}","templated":true}]}}