{"id":9023,"date":"2019-10-07T12:51:02","date_gmt":"2019-10-07T10:51:02","guid":{"rendered":"http:\/\/192.168.0.249\/wordpress5\/?page_id=9023"},"modified":"2026-02-05T16:53:16","modified_gmt":"2026-02-05T16:53:16","slug":"missions","status":"publish","type":"page","link":"https:\/\/cedres.org\/?page_id=9023","title":{"rendered":"MISSIONS"},"content":{"rendered":"<p>[vc_row][vc_column][vc_row_inner][vc_column_inner][vc_custom_heading text=&#8221;Les missions du CeDReS sont:&#8221; font_container=&#8221;tag:h2|font_size:20px|text_align:center|color:%2338c0ea&#8221; use_theme_fonts=&#8221;yes&#8221;][\/vc_column_inner][\/vc_row_inner][\/vc_column][\/vc_row][vc_row][vc_column][vc_column_text]<\/p>\n<p style=\"text-align: center;\"><strong><span style=\"color: #008000;\">Diagnostic et R<\/span><\/strong><strong><span style=\"color: #008000;\">echerche,\u00a0<\/span><\/strong><strong><span style=\"color: #008000;\">Pronostic-monitoring, F<\/span><\/strong><strong><span style=\"color: #008000;\">ormation et <\/span><\/strong><strong><span style=\"color: #008000;\">Management de la qualit\u00e9.<\/span><\/strong><\/p>\n<p>&nbsp;<\/p>\n<p>&nbsp;<\/p>\n<p style=\"text-align: center;\"><strong>Ces missions sont d\u00e9taill\u00e9es dans les onglets ci-dessous.\u00a0<\/strong><\/p>\n<p>[\/vc_column_text][vc_custom_heading text=&#8221;&#8221; font_container=&#8221;tag:h2|font_size:18px|text_align:left|color:%2317cce8&#8243; use_theme_fonts=&#8221;yes&#8221;][vc_column_text][\/vc_column_text][\/vc_column][\/vc_row][vc_section][\/vc_section][vc_row][vc_column][\/vc_column][\/vc_row][vc_row][vc_column][\/vc_column][\/vc_row][vc_row][vc_column][\/vc_column][\/vc_row][vc_row][vc_column][vc_tta_pageable][vc_tta_section title=&#8221;Section 1&#8243; tab_id=&#8221;1614467300079-09f50f21-e4f6&#8243;][vc_custom_heading text=&#8221;Diagnostic et Recherche&#8221;][vc_column_text]-VIH,<\/p>\n<p>-Tuberculose,<\/p>\n<p>-Paludisme,<\/p>\n<p>-H\u00e9patites Virales,<\/p>\n<p>-Infections sexuellement transmissibles,<\/p>\n<p>-Mycologie,<\/p>\n<p>-Autres maladies infectieuses,<\/p>\n<p>-Biomarqueurs de l&#8217;inflammation,<\/p>\n<p>-Biotol\u00e9rances de m\u00e9dicaments,<\/p>\n<p>-Profil biochimique,<\/p>\n<p>-Polymorphisme ph\u00e9notypique et g\u00e9notypique.<\/p>\n<p>[\/vc_column_text][\/vc_tta_section][vc_tta_section title=&#8221;Section 2&#8243; tab_id=&#8221;1614467300124-f16f1659-2067&#8243;][vc_custom_heading text=&#8221;Pronostic-Monitoring&#8221;][vc_column_text]-Etablissements Sanitaires,<\/p>\n<p>-Programme de sant\u00e9,<\/p>\n<p>-Essais Clinique.[\/vc_column_text][\/vc_tta_section][vc_tta_section title=&#8221;Section 3&#8243; tab_id=&#8221;1614948561668-fbb6ab7f-bb5a&#8221;][vc_custom_heading text=&#8221;Formation&#8221;][vc_column_text]-Science de la Sant\u00e9,<\/p>\n<p>-Management de la Qualit\u00e9,<\/p>\n<p>-Ressources Humaines<\/p>\n<p>-Secr\u00e9tariat.[\/vc_column_text][\/vc_tta_section][vc_tta_section title=&#8221;Section 4&#8243; tab_id=&#8221;1615109460041-053553c1-16f0&#8243;][vc_custom_heading text=&#8221;Management de la Qualit\u00e9&#8221;][vc_column_text]-Processus d&#8217;accr\u00e9ditation OMS AFRO[\/vc_column_text][\/vc_tta_section][\/vc_tta_pageable][\/vc_column][\/vc_row]<\/p>\n","protected":false},"excerpt":{"rendered":"<p>[vc_row][vc_column][vc_row_inner][vc_column_inner][vc_custom_heading text=&#8221;Les missions du CeDReS sont:&#8221; font_container=&#8221;tag:h2|font_size:20px|text_align:center|color:%2338c0ea&#8221; use_theme_fonts=&#8221;yes&#8221;][\/vc_column_inner][\/vc_row_inner][\/vc_column][\/vc_row][vc_row][vc_column][vc_column_text] Diagnostic et Recherche,\u00a0Pronostic-monitoring, Formation et Management de la qualit\u00e9. &nbsp; &nbsp; Ces missions sont d\u00e9taill\u00e9es dans les onglets ci-dessous.\u00a0 [\/vc_column_text][vc_custom_heading text=&#8221;&#8221; font_container=&#8221;tag:h2|font_size:18px|text_align:left|color:%2317cce8&#8243; use_theme_fonts=&#8221;yes&#8221;][vc_column_text][\/vc_column_text][\/vc_column][\/vc_row][vc_section][\/vc_section][vc_row][vc_column][\/vc_column][\/vc_row][vc_row][vc_column][\/vc_column][\/vc_row][vc_row][vc_column][\/vc_column][\/vc_row][vc_row][vc_column][vc_tta_pageable][vc_tta_section title=&#8221;Section 1&#8243; tab_id=&#8221;1614467300079-09f50f21-e4f6&#8243;][vc_custom_heading text=&#8221;Diagnostic et Recherche&#8221;][vc_column_text]-VIH, -Tuberculose, -Paludisme, -H\u00e9patites Virales, -Infections sexuellement transmissibles, -Mycologie, -Autres maladies infectieuses, -Biomarqueurs de l&#8217;inflammation, -Biotol\u00e9rances de m\u00e9dicaments, -Profil [&hellip;]<\/p>\n","protected":false},"author":9,"featured_media":0,"parent":0,"menu_order":0,"comment_status":"closed","ping_status":"closed","template":"","meta":{"om_disable_all_campaigns":false,"footnotes":""},"class_list":["post-9023","page","type-page","status-publish","hentry"],"_links":{"self":[{"href":"https:\/\/cedres.org\/index.php?rest_route=\/wp\/v2\/pages\/9023","targetHints":{"allow":["GET"]}}],"collection":[{"href":"https:\/\/cedres.org\/index.php?rest_route=\/wp\/v2\/pages"}],"about":[{"href":"https:\/\/cedres.org\/index.php?rest_route=\/wp\/v2\/types\/page"}],"author":[{"embeddable":true,"href":"https:\/\/cedres.org\/index.php?rest_route=\/wp\/v2\/users\/9"}],"replies":[{"embeddable":true,"href":"https:\/\/cedres.org\/index.php?rest_route=%2Fwp%2Fv2%2Fcomments&post=9023"}],"version-history":[{"count":28,"href":"https:\/\/cedres.org\/index.php?rest_route=\/wp\/v2\/pages\/9023\/revisions"}],"predecessor-version":[{"id":11125,"href":"https:\/\/cedres.org\/index.php?rest_route=\/wp\/v2\/pages\/9023\/revisions\/11125"}],"wp:attachment":[{"href":"https:\/\/cedres.org\/index.php?rest_route=%2Fwp%2Fv2%2Fmedia&parent=9023"}],"curies":[{"name":"wp","href":"https:\/\/api.w.org\/{rel}","templated":true}]}}