{"id":7991,"date":"2018-07-16T05:02:03","date_gmt":"2018-07-16T05:02:03","guid":{"rendered":"http:\/\/192.168.0.249\/wordpress5\/?page_id=7991"},"modified":"2019-12-29T23:40:12","modified_gmt":"2019-12-29T22:40:12","slug":"presentation","status":"publish","type":"page","link":"https:\/\/cedres.org\/?page_id=7991","title":{"rendered":"HISTORIQUE"},"content":{"rendered":"<p>[vc_section full_width=&#8221;stretch_row&#8221; css=&#8221;.vc_custom_1531720195455{margin-top: 0px !important;margin-bottom: 0px !important;padding-top: 80px !important;padding-bottom: 0px !important;background-image: url(http:\/\/192.168.0.249\/wordpress5\/wp-content\/uploads\/2018\/07\/background-about-image.jpg?id=7994) !important;background-position: center !important;background-repeat: no-repeat !important;background-size: contain !important;}&#8221; el_class=&#8221;background-position-top-custom&#8221;][vc_row full_width=&#8221;stretch_row&#8221; gap=&#8221;15&#8243; css=&#8221;.vc_custom_1531718492652{margin-top: 0px !important;margin-bottom: 0px !important;padding-top: 0px !important;padding-bottom: 90px !important;}&#8221;][vc_column css_animation=&#8221;fadeInUp&#8221; width=&#8221;1\/3&#8243; css=&#8221;.vc_custom_1533814435170{margin-top: 0px !important;margin-bottom: 0px !important;padding-top: 10px !important;padding-right: 0px !important;padding-bottom: 0px !important;padding-left: 0px !important;}&#8221;][vc_single_image image=&#8221;10159&#8243; img_size=&#8221;full&#8221; css_animation=&#8221;fadeInDown&#8221; css=&#8221;.vc_custom_1574425942307{margin-top: 0px !important;margin-bottom: 0px !important;padding-top: 0px !important;padding-bottom: 0px !important;}&#8221;][vc_row_inner][vc_column_inner][vc_single_image image=&#8221;10158&#8243; img_size=&#8221;full&#8221;][\/vc_column_inner][\/vc_row_inner][\/vc_column][vc_column css_animation=&#8221;fadeInRight&#8221; width=&#8221;2\/3&#8243; css=&#8221;.vc_custom_1533814449040{margin-top: 0px !important;margin-bottom: 0px !important;padding-top: 10px !important;padding-bottom: 0px !important;padding-left: 25px !important;}&#8221;][vc_custom_heading text=&#8221;Laboratoire CeDReS&#8221; font_container=&#8221;tag:h2|font_size:36px|text_align:left|color:%232d2d2d|line_height:45px&#8221; use_theme_fonts=&#8221;yes&#8221; css_animation=&#8221;fadeIn&#8221; css=&#8221;.vc_custom_1577639460723{margin-top: 0px !important;margin-bottom: 0px !important;padding-top: 0px !important;padding-bottom: 0px !important;}&#8221;][vc_custom_heading text=&#8221;Centre de Diagnostic et de Recherche sur le Sida et les autres maladies infetctueuses a \u00e9t\u00e9 cr\u00e9\u00e9 en 1992. C&#8217;est un laboratoire de biologie m\u00e9dicale d&#8217;envergure nationale. Ses th\u00e9matiques de recherche et de diagnostic couvrent aussi bien les pathologies tropicales infectieuses que les affections non transmissibles. A ces titres , le CeDReS participe \u00e0 de nombreuses activit\u00e9s de recherche et de diagnostic au niveau national et international, notamment avec le Minist\u00e8re de la Sant\u00e9 et de l&#8217;Hygi\u00e8ne Publique de C\u00f4te d&#8217;Ivoire , l&#8217;Organisation Mondiale de la Sant\u00e9 , le PEPFAR (President&#8217;s Emergency Plan For AIDS Relief ), le programme PAC-CI (Site en C\u00f4te d&#8217;Ivoire de l&#8217;Agence Nationale Fran\u00e7aise) de Recherche sur le Sida et les H\u00e9patites : ANRS).<\/p>\n<p>Administrativement int\u00e9gr\u00e9 au CHU de Treichville depuis 1996, le CeDReS a ouvert ses prestations aux praticiens de l&#8217;h\u00f4pital ainsi qu&#8217;aux patients ambulants.<\/p>\n<p>En vue d&#8217;offrir \u00e0 ses clients des services conformes \u00e0 leurs besoins et \u00e0 leurs attentes , le CeDReS s&#8217;est engag\u00e9 en d\u00e9marche qualit\u00e9 depuis 2005 et en 2010 il a \u00e9t\u00e9 choisi comme laboratoire pilote dans le processus d&#8217;accr\u00e9ditation OMS AFRO.&#8221; font_container=&#8221;tag:p|text_align:justify|color:%23434343&#8243; use_theme_fonts=&#8221;yes&#8221; css_animation=&#8221;none&#8221; css=&#8221;.vc_custom_1577649896612{margin-top: 15px !important;margin-bottom: 0px !important;padding-top: 0px !important;padding-bottom: 0px !important;}&#8221;][vc_custom_heading text=&#8221;&#8221; font_container=&#8221;tag:p|text_align:left|color:%23434343&#8243; use_theme_fonts=&#8221;yes&#8221; css_animation=&#8221;none&#8221; css=&#8221;.vc_custom_1570636211649{margin-top: 0px !important;margin-bottom: 0px !important;padding-top: 11px !important;padding-bottom: 25px !important;}&#8221;][\/vc_column][\/vc_row][vc_row css=&#8221;.vc_custom_1571928690459{background-position: center !important;background-repeat: no-repeat !important;background-size: cover !important;}&#8221;][vc_column][vc_row_inner][vc_column_inner][\/vc_column_inner][\/vc_row_inner][\/vc_column][\/vc_row][\/vc_section][vc_section full_width=&#8221;stretch_row&#8221; css=&#8221;.vc_custom_1571928566800{margin-top: 0px !important;margin-bottom: 0px !important;padding-top: 80px !important;padding-bottom: 0px !important;background-image: url(http:\/\/localhost\/wordpress5\/wp-content\/uploads\/2018\/10\/about-back-1.jpg?id=8684) !important;background-position: center !important;background-repeat: no-repeat !important;background-size: cover !important;}&#8221; el_class=&#8221;background-position-top-custom&#8221;][vc_row full_width=&#8221;stretch_row&#8221; css=&#8221;.vc_custom_1530091572294{margin-top: 0px !important;margin-bottom: 0px !important;padding-top: 0px !important;padding-bottom: 0px !important;}&#8221;][vc_column css=&#8221;.vc_custom_1530093870539{margin-top: 0px !important;margin-bottom: 0px !important;padding-top: 0px !important;padding-bottom: 0px !important;}&#8221; offset=&#8221;vc_col-lg-2 vc_col-md-2 vc_col-xs-12&#8243;][\/vc_column][vc_column css=&#8221;.vc_custom_1530093884690{margin-top: 0px !important;margin-bottom: 0px !important;padding-top: 0px !important;padding-bottom: 0px !important;}&#8221; offset=&#8221;vc_col-lg-8 vc_col-md-8 vc_col-xs-12&#8243;][\/vc_column][vc_column offset=&#8221;vc_col-lg-2 vc_col-md-2 vc_col-xs-12&#8243;][\/vc_column][\/vc_row][vc_row css=&#8221;.vc_custom_1530091806947{margin-top: 0px !important;margin-bottom: 0px !important;padding-top: 0px !important;padding-bottom: 0px !important;}&#8221;][vc_column css=&#8221;.vc_custom_1571928338457{margin-top: 0px !important;margin-bottom: 0px !important;padding-top: 0px !important;padding-bottom: 0px !important;background-image: url(http:\/\/localhost\/wordpress5\/wp-content\/uploads\/2018\/10\/about-back-1.jpg?id=8684) !important;background-position: center !important;background-repeat: no-repeat !important;background-size: cover !important;}&#8221; offset=&#8221;vc_col-lg-10 vc_col-md-10 vc_col-xs-12&#8243;][\/vc_column][vc_column offset=&#8221;vc_col-lg-1 vc_col-md-1 vc_col-xs-12&#8243;][\/vc_column][\/vc_row][\/vc_section]<\/p>\n","protected":false},"excerpt":{"rendered":"<p>[vc_section full_width=&#8221;stretch_row&#8221; css=&#8221;.vc_custom_1531720195455{margin-top: 0px !important;margin-bottom: 0px !important;padding-top: 80px !important;padding-bottom: 0px !important;background-image: url(http:\/\/192.168.0.249\/wordpress5\/wp-content\/uploads\/2018\/07\/background-about-image.jpg?id=7994) !important;background-position: center !important;background-repeat: no-repeat !important;background-size: contain !important;}&#8221; el_class=&#8221;background-position-top-custom&#8221;][vc_row full_width=&#8221;stretch_row&#8221; gap=&#8221;15&#8243; css=&#8221;.vc_custom_1531718492652{margin-top: 0px !important;margin-bottom: 0px !important;padding-top: 0px !important;padding-bottom: 90px !important;}&#8221;][vc_column css_animation=&#8221;fadeInUp&#8221; width=&#8221;1\/3&#8243; css=&#8221;.vc_custom_1533814435170{margin-top: 0px !important;margin-bottom: 0px !important;padding-top: 10px !important;padding-right: 0px !important;padding-bottom: 0px !important;padding-left: 0px !important;}&#8221;][vc_single_image image=&#8221;10159&#8243; img_size=&#8221;full&#8221; css_animation=&#8221;fadeInDown&#8221; css=&#8221;.vc_custom_1574425942307{margin-top: 0px !important;margin-bottom: 0px !important;padding-top: 0px [&hellip;]<\/p>\n","protected":false},"author":9,"featured_media":0,"parent":0,"menu_order":0,"comment_status":"closed","ping_status":"closed","template":"","meta":{"om_disable_all_campaigns":false,"footnotes":""},"class_list":["post-7991","page","type-page","status-publish","hentry"],"_links":{"self":[{"href":"https:\/\/cedres.org\/index.php?rest_route=\/wp\/v2\/pages\/7991","targetHints":{"allow":["GET"]}}],"collection":[{"href":"https:\/\/cedres.org\/index.php?rest_route=\/wp\/v2\/pages"}],"about":[{"href":"https:\/\/cedres.org\/index.php?rest_route=\/wp\/v2\/types\/page"}],"author":[{"embeddable":true,"href":"https:\/\/cedres.org\/index.php?rest_route=\/wp\/v2\/users\/9"}],"replies":[{"embeddable":true,"href":"https:\/\/cedres.org\/index.php?rest_route=%2Fwp%2Fv2%2Fcomments&post=7991"}],"version-history":[{"count":12,"href":"https:\/\/cedres.org\/index.php?rest_route=\/wp\/v2\/pages\/7991\/revisions"}],"predecessor-version":[{"id":10270,"href":"https:\/\/cedres.org\/index.php?rest_route=\/wp\/v2\/pages\/7991\/revisions\/10270"}],"wp:attachment":[{"href":"https:\/\/cedres.org\/index.php?rest_route=%2Fwp%2Fv2%2Fmedia&parent=7991"}],"curies":[{"name":"wp","href":"https:\/\/api.w.org\/{rel}","templated":true}]}}