{"id":7860,"date":"2018-06-29T06:49:16","date_gmt":"2018-06-29T06:49:16","guid":{"rendered":"http:\/\/192.168.0.249\/wordpress5\/?page_id=7860"},"modified":"2025-11-25T15:55:44","modified_gmt":"2025-11-25T15:55:44","slug":"home","status":"publish","type":"page","link":"https:\/\/cedres.org\/","title":{"rendered":"Accueil"},"content":{"rendered":"<p>[vc_row full_width=&#8221;stretch_row_content_no_spaces&#8221; css=&#8221;.vc_custom_1530077512369{margin-top: 0px !important;margin-bottom: 0px !important;padding-top: 0px !important;padding-bottom: 0px !important;}&#8221;][vc_column css=&#8221;.vc_custom_1530077389456{margin-top: 0px !important;margin-bottom: 0px !important;padding-top: 0px !important;padding-bottom: 0px !important;}&#8221;][vc_raw_html]JTNDbWFycXVlZSUyMGRpcmVjdGlvbiUzRCUyMmxlZnQlMjIlMjBiZWhhdmlvciUzRCUyMnNjcm9sbCUyMiUzRSUwQSUwQSUzQ0gxJTNFQmllbnZlbnVlJTIwYXUlMjBDZURSZVMlMkMlMjBwcmVtaWVyJTIwbGFib3JhdG9pcmUlMjBkJTI3YW5hbHlzZXMlMjBkZSUyMGJpb2xvZ2llJTIwbSVDMyVBOWRpY2FsZSUyMGR1JTIwc2VjdGV1ciUyMHB1YmxpYyUyMGFjY3IlQzMlQTlkaXQlQzMlQTklMjBlbiUyMEMlQzMlQjR0ZSUyMGQlMjdJdm9pcmUuJTNDJTJGSDElM0UlMEElMEElM0MlMkZtYXJxdWVlJTNF[\/vc_raw_html][vc_raw_html]JTNDYSUyMGhyZWYlM0RodHRwcyUzQSUyRiUyRmNlZHJlcy5vcmclMkYlM0ZwYWdlX2lkJTNEMTA5ODglMjIlMjBjbGFzcyUzRCUyMmJ0bi1yZW5kZXotdm91cyUyMiUzRVByZW5kcmUlMjB1biUyMHJlbmRlei12b3VzJTIwbWFpbnRlbmFudCUzQyUyRmElM0U=[\/vc_raw_html][vc_row_inner][vc_column_inner][\/vc_column_inner][\/vc_row_inner][\/vc_column][\/vc_row][vc_section full_width=&#8221;stretch_row&#8221; css=&#8221;.vc_custom_1538392730938{margin-top: 0px !important;margin-bottom: 0px !important;padding-top: 0px !important;padding-bottom: 0px !important;background-image: url(http:\/\/pac-ci.org\/cedres\/wp-content\/uploads\/2018\/10\/cornner-image.jpg?id=8316) !important;background-position: 0 0 !important;background-repeat: no-repeat !important;}&#8221; el_class=&#8221;background-position-left-top overflow-visible&#8221;][vc_row content_placement=&#8221;middle&#8221;][vc_column][vc_column_text]<\/p>\n<p style=\"text-align: center;\"><span style=\"color: #0000ff;\"><strong>TARIF DES ANALYSES REALISEES AU CeDReS (en cours)<\/strong><\/span><\/p>\n<p>[\/vc_column_text][\/vc_column][vc_column][\/vc_column][vc_column][\/vc_column][\/vc_row][vc_row css=&#8221;.vc_custom_1538395534216{margin-right: 15px !important;margin-left: 15px !important;}&#8221;][vc_column][vc_row_inner][vc_column_inner][\/vc_column_inner][\/vc_row_inner][vc_row_inner css=&#8221;.vc_custom_1538453820381{margin-top: -60px !important;}&#8221;][vc_column_inner el_class=&#8221;box-shadow&#8221; width=&#8221;1\/3&#8243; css=&#8221;.vc_custom_1538541979497{margin-top: 0px !important;margin-bottom: 0px !important;padding-top: 30px !important;padding-right: 50px !important;padding-bottom: 30px !important;padding-left: 50px !important;background-color: #ffffff !important;}&#8221;][vc_single_image image=&#8221;10732&#8243; img_size=&#8221;150&#215;150&#8243; alignment=&#8221;center&#8221; style=&#8221;vc_box_border&#8221; border_color=&#8221;vista_blue&#8221; css=&#8221;.vc_custom_1617965023743{margin-top: 0px !important;margin-bottom: 15px !important;padding-top: 0px !important;padding-bottom: 0px !important;}&#8221;][vc_custom_heading text=&#8221;ACTIVITES BIOLOGIQUES&#8221; font_container=&#8221;tag:h3|font_size:20px|text_align:center|color:%231f1f1f|line_height:24px&#8221; use_theme_fonts=&#8221;yes&#8221; css=&#8221;.vc_custom_1579256813344{margin-top: 0px !important;margin-bottom: 10px !important;padding-top: 0px !important;padding-bottom: 0px !important;}&#8221; el_class=&#8221;font-weight-bold&#8221;][vc_column_text css=&#8221;.vc_custom_1580571588469{margin-top: 0px !important;margin-bottom: 15px !important;padding-top: 0px !important;padding-right: 20px !important;padding-bottom: 0px !important;padding-left: 20px !important;}&#8221;]<\/p>\n<p style=\"text-align: center;\">Diagnostic et recherche de biologie en C\u00f4te d&#8217;Ivoire<\/p>\n<p>[\/vc_column_text]\r<!-- radiantthemes-custom-button -->\r<div class=\"radiantthemes-custom-button hover-style-one rt2225683182  letter-spacing-0 font-weight-medium\"  data-button-direction=\"center\" data-button-fullwidth=\"false\"  data-button-icon-position=\"right\"><a style=\" color: #262626; line-height: 23px; font-size: 14px;\" class=\"radiantthemes-custom-button-main  vc_custom_1580485132060\" href=\"https:\/\/cedres.org\/activite1\/\"  title=\"ACTIVITES\" target=\"_self\"><div class=\"placeholder\">En savoir plus<i class=\"fa fa-angle-right\"><\/i><\/div><\/a><\/div>\r<!-- radiantthemes-custom-button -->\r[\/vc_column_inner][vc_column_inner el_class=&#8221;box-shadow&#8221; width=&#8221;1\/3&#8243; css=&#8221;.vc_custom_1538541988289{margin-top: 0px !important;margin-bottom: 0px !important;padding-top: 30px !important;padding-right: 50px !important;padding-bottom: 30px !important;padding-left: 50px !important;background-color: #ffffff !important;}&#8221;][vc_single_image image=&#8221;10720&#8243; img_size=&#8221;150&#215;150&#8243; alignment=&#8221;center&#8221; style=&#8221;vc_box_border&#8221; border_color=&#8221;vista_blue&#8221; css=&#8221;.vc_custom_1617965075696{margin-top: 0px !important;margin-bottom: 15px !important;padding-top: 0px !important;padding-bottom: 0px !important;}&#8221;][vc_custom_heading text=&#8221;PLATEAUX TECHNIQUES&#8221; font_container=&#8221;tag:h3|font_size:20px|text_align:center|color:%231f1f1f|line_height:24px&#8221; use_theme_fonts=&#8221;yes&#8221; css=&#8221;.vc_custom_1570537001364{margin-top: 0px !important;margin-bottom: 10px !important;padding-top: 0px !important;padding-bottom: 0px !important;}&#8221; el_class=&#8221;font-weight-bold&#8221;][vc_column_text css=&#8221;.vc_custom_1580556735422{margin-top: 0px !important;margin-bottom: 15px !important;padding-top: 0px !important;padding-right: 20px !important;padding-bottom: 0px !important;padding-left: 20px !important;}&#8221;]<\/p>\n<p style=\"text-align: center;\">Des \u00e9quipements de derni\u00e8re g\u00e9n\u00e9ration.<\/p>\n<p>[\/vc_column_text]\r<!-- radiantthemes-custom-button -->\r<div class=\"radiantthemes-custom-button hover-style-four rt1225328756  letter-spacing-0 font-weight-medium\"  data-button-direction=\"center\" data-button-fullwidth=\"false\"  data-button-icon-position=\"right\"><a style=\" color: #262626; line-height: 23px; font-size: 14px;\" class=\"radiantthemes-custom-button-main  vc_custom_1577130513451\" href=\"https:\/\/cedres.org\/plateaux-techniques\/\"  title=\"PLATEAUX TECHNIQUES\" target=\"_self\"><div class=\"placeholder\">En savoir plus<i class=\"fa fa-angle-right\"><\/i><\/div><\/a><\/div>\r<!-- radiantthemes-custom-button -->\r[\/vc_column_inner][vc_column_inner el_class=&#8221;box-shadow&#8221; width=&#8221;1\/3&#8243; css=&#8221;.vc_custom_1538541997134{margin-top: 0px !important;margin-bottom: 0px !important;padding-top: 30px !important;padding-right: 50px !important;padding-bottom: 30px !important;padding-left: 50px !important;background-color: #ffffff !important;}&#8221;][vc_single_image image=&#8221;9882&#8243; img_size=&#8221;150&#215;150&#8243; alignment=&#8221;center&#8221; style=&#8221;vc_box_border&#8221; border_color=&#8221;vista_blue&#8221; css=&#8221;.vc_custom_1617965113925{margin-top: 0px !important;margin-bottom: 15px !important;padding-top: 0px !important;padding-bottom: 0px !important;}&#8221;][vc_custom_heading text=&#8221;MISSIONS&#8221; font_container=&#8221;tag:h3|font_size:20px|text_align:center|color:%231f1f1f|line_height:24px&#8221; use_theme_fonts=&#8221;yes&#8221; css=&#8221;.vc_custom_1570536883087{margin-top: 0px !important;margin-bottom: 10px !important;padding-top: 0px !important;padding-bottom: 0px !important;}&#8221; el_class=&#8221;font-weight-bold&#8221;][vc_column_text css=&#8221;.vc_custom_1580557564984{margin-top: 0px !important;margin-bottom: 15px !important;padding-top: 0px !important;padding-right: 20px !important;padding-bottom: 0px !important;padding-left: 20px !important;}&#8221;]<\/p>\n<p style=\"text-align: center;\">Mission de formation et de management de la qualit\u00e9.<\/p>\n<p>[\/vc_column_text]\r<!-- radiantthemes-custom-button -->\r<div class=\"radiantthemes-custom-button hover-style-four rt3369486937  letter-spacing-0 font-weight-medium\"  data-button-direction=\"center\" data-button-fullwidth=\"false\"  data-button-icon-position=\"right\"><a style=\" color: #262626; line-height: 23px; font-size: 14px;\" class=\"radiantthemes-custom-button-main  vc_custom_1572517697471\" href=\"https:\/\/cedres.org\/missions\/\"  title=\"MISSIONS\" target=\"_self\"><div class=\"placeholder\">En savoir plus<i class=\"fa fa-angle-right\"><\/i><\/div><\/a><\/div>\r<!-- radiantthemes-custom-button -->\r[\/vc_column_inner][\/vc_row_inner][\/vc_column][\/vc_row][\/vc_section][vc_section full_width=&#8221;stretch_row&#8221; css=&#8221;.vc_custom_1538550372000{margin-top: 0px !important;margin-bottom: 0px !important;padding-top: 0px !important;padding-bottom: 0px !important;background-image: url(http:\/\/pac-ci.org\/cedres\/wp-content\/uploads\/2018\/10\/service-back.png?id=8329) !important;background-position: 0 0 !important;background-repeat: no-repeat !important;}&#8221; el_class=&#8221;background-position-top-custom background-position-left-top&#8221;][vc_row gap=&#8221;30&#8243; css_animation=&#8221;fadeInUp&#8221; css=&#8221;.vc_custom_1538996865872{margin-top: 0px !important;margin-right: 0px !important;margin-bottom: 0px !important;margin-left: 0px !important;padding-top: 0px !important;padding-bottom: 0px !important;}&#8221;][vc_column width=&#8221;1\/3&#8243; css=&#8221;.vc_custom_1538464159095{border-top-width: 1px !important;border-right-width: 1px !important;border-bottom-width: 1px !important;border-left-width: 1px !important;padding-top: 0px !important;padding-right: 0px !important;padding-bottom: 0px !important;padding-left: 0px !important;background-color: #ffffff !important;border-left-color: #dcdcdc !important;border-left-style: solid !important;border-right-color: #dcdcdc !important;border-right-style: solid !important;border-top-color: #dcdcdc !important;border-top-style: solid !important;border-bottom-color: #dcdcdc !important;border-bottom-style: solid !important;border-radius: 2px !important;}&#8221;][vc_single_image image=&#8221;10876&#8243; img_size=&#8221;full&#8221; style=&#8221;vc_box_border&#8221; border_color=&#8221;green&#8221; css=&#8221;.vc_custom_1700782837250{margin-top: 0px !important;margin-bottom: 0px !important;padding-top: 0px !important;padding-right: 0px !important;padding-bottom: 0px !important;padding-left: 0px !important;}&#8221; el_class=&#8221;full-width-image&#8221;][vc_row_inner css=&#8221;.vc_custom_1538551250182{margin-top: 20px !important;margin-bottom: 0px !important;padding-top: 0px !important;padding-bottom: 0px !important;}&#8221;][vc_column_inner css=&#8221;.vc_custom_1538554819714{margin-top: 0px !important;margin-bottom: 0px !important;padding-top: 0px !important;padding-right: 40px !important;padding-bottom: 20px !important;padding-left: 40px !important;}&#8221;][vc_custom_heading text=&#8221;Pr\u00e9sentation du CeDReS&#8221; font_container=&#8221;tag:h4|font_size:18px|text_align:center|line_height:24px&#8221; use_theme_fonts=&#8221;yes&#8221; css_animation=&#8221;none&#8221; css=&#8221;.vc_custom_1700783138724{margin-top: 0px !important;margin-bottom: 0px !important;padding-top: 0px !important;padding-bottom: 20px !important;}&#8221; el_class=&#8221;font-weight-bold letter-spacing-0&#8243;][vc_single_image image=&#8221;10735&#8243; img_size=&#8221;full&#8221; add_caption=&#8221;yes&#8221; style=&#8221;vc_box_border&#8221; border_color=&#8221;green&#8221; css=&#8221;.vc_custom_1618039218280{margin-top: 0px !important;margin-bottom: 0px !important;padding-top: 0px !important;padding-bottom: 0px !important;}&#8221;][vc_custom_heading text=&#8221;&#8221; font_container=&#8221;tag:h4|font_size:18px|text_align:center|line_height:24px&#8221; use_theme_fonts=&#8221;yes&#8221; el_class=&#8221;font-weight-bold letter-spacing-0&#8243;][\/vc_column_inner][\/vc_row_inner][\/vc_column][vc_column width=&#8221;1\/3&#8243; css=&#8221;.vc_custom_1538465197429{margin-top: 0px !important;margin-bottom: 0px !important;border-top-width: 1px !important;border-right-width: 1px !important;border-bottom-width: 1px !important;border-left-width: 1px !important;padding-top: 0px !important;padding-right: 0px !important;padding-bottom: 0px !important;padding-left: 0px !important;background-color: #ffffff !important;border-left-color: #dcdcdc !important;border-left-style: solid !important;border-right-color: #dcdcdc !important;border-right-style: solid !important;border-top-color: #dcdcdc !important;border-top-style: solid !important;border-bottom-color: #dcdcdc !important;border-bottom-style: solid !important;border-radius: 3px !important;}&#8221;][vc_single_image image=&#8221;10877&#8243; img_size=&#8221;full&#8221; style=&#8221;vc_box_border&#8221; border_color=&#8221;green&#8221; css=&#8221;.vc_custom_1700840511714{margin-top: 0px !important;margin-bottom: 0px !important;padding-top: 0px !important;padding-right: 0px !important;padding-bottom: 0px !important;padding-left: 0px !important;}&#8221; el_class=&#8221;full-width-image&#8221;][vc_row_inner css=&#8221;.vc_custom_1538551279252{margin-top: 20px !important;}&#8221;][vc_column_inner css=&#8221;.vc_custom_1538554827585{margin-top: 0px !important;margin-bottom: 0px !important;padding-top: 0px !important;padding-right: 40px !important;padding-bottom: 20px !important;padding-left: 40px !important;}&#8221;][vc_custom_heading text=&#8221;Expertise en biologie m\u00e9dicale&#8221; font_container=&#8221;tag:h4|font_size:18px|text_align:center|line_height:24px&#8221; use_theme_fonts=&#8221;yes&#8221; css_animation=&#8221;none&#8221; css=&#8221;.vc_custom_1700783226166{margin-top: 0px !important;margin-bottom: 0px !important;padding-top: 0px !important;padding-bottom: 20px !important;}&#8221; el_class=&#8221;font-weight-bold letter-spacing-0&#8243;][vc_single_image image=&#8221;9910&#8243; img_size=&#8221;full&#8221; style=&#8221;vc_box_border&#8221; border_color=&#8221;green&#8221; css=&#8221;.vc_custom_1618038688608{margin-top: 0px !important;margin-bottom: 0px !important;padding-top: 0px !important;padding-bottom: 0px !important;}&#8221;][vc_custom_heading text=&#8221;&#8221; font_container=&#8221;tag:h4|font_size:18px|text_align:center|line_height:24px&#8221; use_theme_fonts=&#8221;yes&#8221; el_class=&#8221;font-weight-bold letter-spacing-0&#8243;][\/vc_column_inner][\/vc_row_inner][\/vc_column][vc_column width=&#8221;1\/3&#8243; css=&#8221;.vc_custom_1538482167466{margin-top: 0px !important;margin-bottom: 0px !important;border-top-width: 1px !important;border-right-width: 1px !important;border-bottom-width: 1px !important;border-left-width: 1px !important;padding-top: 0px !important;padding-right: 0px !important;padding-bottom: 0px !important;padding-left: 0px !important;background-color: #ffffff !important;border-left-color: #dcdcdc !important;border-left-style: solid !important;border-right-color: #dcdcdc !important;border-right-style: solid !important;border-top-color: #dcdcdc !important;border-top-style: solid !important;border-bottom-color: #dcdcdc !important;border-bottom-style: solid !important;border-radius: 3px !important;}&#8221;][vc_single_image image=&#8221;10737&#8243; img_size=&#8221;full&#8221; style=&#8221;vc_box_border&#8221; border_color=&#8221;green&#8221; css=&#8221;.vc_custom_1700839974313{margin-top: 0px !important;margin-bottom: 0px !important;padding-top: 0px !important;padding-right: 0px !important;padding-bottom: 0px !important;padding-left: 0px !important;}&#8221; el_class=&#8221;full-width-image&#8221;][vc_row_inner css=&#8221;.vc_custom_1538551290076{margin-top: 20px !important;}&#8221;][vc_column_inner css=&#8221;.vc_custom_1538554836328{margin-top: 0px !important;margin-bottom: 0px !important;padding-top: 0px !important;padding-right: 40px !important;padding-bottom: 20px !important;padding-left: 40px !important;}&#8221;][vc_custom_heading text=&#8221;&#8221; font_container=&#8221;tag:h4|font_size:18px|text_align:center|line_height:24px&#8221; use_theme_fonts=&#8221;yes&#8221; css_animation=&#8221;none&#8221; css=&#8221;.vc_custom_1700840183585{margin-top: 0px !important;margin-bottom: 0px !important;padding-top: 0px !important;padding-bottom: 20px !important;}&#8221; el_class=&#8221;font-weight-bold letter-spacing-0&#8243;][vc_single_image image=&#8221;10888&#8243; img_size=&#8221;full&#8221; style=&#8221;vc_box_border&#8221; border_color=&#8221;green&#8221; css=&#8221;.vc_custom_1700843649407{margin-top: 0px !important;margin-bottom: 0px !important;padding-top: 0px !important;padding-bottom: 0px !important;}&#8221;][vc_custom_heading text=&#8221;&#8221; font_container=&#8221;tag:h4|font_size:18px|text_align:center|line_height:24px&#8221; use_theme_fonts=&#8221;yes&#8221; el_class=&#8221;font-weight-bold letter-spacing-0&#8243;][\/vc_column_inner][\/vc_row_inner][\/vc_column][\/vc_row][vc_row css=&#8221;.vc_custom_1539065138653{margin-top: 78px !important;margin-bottom: 0px !important;padding-top: 0px !important;padding-bottom: 20px !important;}&#8221;][vc_column width=&#8221;1\/12&#8243;][\/vc_column][vc_column width=&#8221;5\/6&#8243; css=&#8221;.vc_custom_1538554960653{margin-top: 0px !important;margin-bottom: 0px !important;padding-top: 0px !important;padding-bottom: 0px !important;}&#8221;][vc_custom_heading text=&#8221;Personnel du CeDReS&#8221; font_container=&#8221;tag:h2|font_size:30px|text_align:center|line_height:40px&#8221; use_theme_fonts=&#8221;yes&#8221; css_animation=&#8221;none&#8221; css=&#8221;.vc_custom_1580559359831{margin-top: 0px !important;margin-bottom: 0px !important;padding-top: 0px !important;padding-bottom: 15px !important;}&#8221; el_class=&#8221;font-weight-bold&#8221;][vc_column_text css=&#8221;.vc_custom_1736344346493{margin-top: 0px !important;margin-bottom: 0px !important;padding-top: 0px !important;padding-bottom: 0px !important;}&#8221;]<\/p>\n<p style=\"text-align: center;\">Au CeDReS nous sommes 73 personnes reparties comme suite:<\/p>\n<p>[\/vc_column_text][\/vc_column][vc_column width=&#8221;1\/12&#8243;][\/vc_column][\/vc_row][vc_row css=&#8221;.vc_custom_1574265280930{margin-top: 0px !important;margin-bottom: 0px !important;padding-top: 6px !important;padding-bottom: 0px !important;}&#8221;][vc_column css_animation=&#8221;fadeInUp&#8221; css=&#8221;.vc_custom_1539061944285{margin-top: 0px !important;margin-bottom: 0px !important;padding-top: 0px !important;padding-bottom: 0px !important;}&#8221;][vc_row_inner gap=&#8221;30&#8243; css=&#8221;.vc_custom_1538986911714{margin-top: 0px !important;margin-right: -15px !important;margin-bottom: 0px !important;margin-left: -15px !important;padding-top: 0px !important;padding-bottom: 0px !important;}&#8221;][vc_column_inner width=&#8221;1\/2&#8243; css=&#8221;.vc_custom_1574331749926{margin-top: 0px !important;margin-bottom: 0px !important;padding-top: 12px !important;padding-right: 0px !important;padding-bottom: 0px !important;padding-left: 167px !important;background-image: url(http:\/\/pac-ci.org\/cedres\/wp-content\/uploads\/2019\/11\/icones-unite-biologies_medecin-qualifies-1-e1574331679733.png?id=10136) !important;background-position: 0 0 !important;background-repeat: no-repeat !important;}&#8221;][vc_custom_heading text=&#8221;Hospitalo-Universitaire `{`20`}`&#8221; font_container=&#8221;tag:h2|font_size:18px|text_align:left|line_height:24px&#8221; use_theme_fonts=&#8221;yes&#8221; css_animation=&#8221;none&#8221; css=&#8221;.vc_custom_1736343787782{margin-top: 0px !important;margin-bottom: 0px !important;padding-top: 0px !important;padding-bottom: 10px !important;}&#8221; el_class=&#8221;font-weight-semibold letter-spacing-0&#8243;][vc_column_text css=&#8221;.vc_custom_1736343973064{margin-top: 0px !important;margin-bottom: 0px !important;padding-top: 0px !important;padding-bottom: 0px !important;}&#8221;]Professeurs titulaires<\/p>\n<p>Professeurs agr\u00e9g\u00e9s<\/p>\n<p>Ma\u00eetres assistants<\/p>\n<p>Charg\u00e9 de recherches<\/p>\n<p>Assistants<\/p>\n<p>Internes[\/vc_column_text][\/vc_column_inner][vc_column_inner width=&#8221;1\/2&#8243; css=&#8221;.vc_custom_1574330951014{margin-top: 0px !important;margin-bottom: 0px !important;padding-top: 12px !important;padding-right: 0px !important;padding-bottom: 0px !important;padding-left: 167px !important;background-image: url(http:\/\/pac-ci.org\/cedres\/wp-content\/uploads\/2019\/11\/icones-unite-biologies_technologie-avancee-1-e1574330831910.png?id=10133) !important;background-position: 0 0 !important;background-repeat: no-repeat !important;}&#8221;][vc_custom_heading text=&#8221;Personnel technique `{`18`}`&#8221; font_container=&#8221;tag:h2|font_size:18px|text_align:left|line_height:24px&#8221; use_theme_fonts=&#8221;yes&#8221; css_animation=&#8221;none&#8221; css=&#8221;.vc_custom_1736343539770{margin-top: 0px !important;margin-bottom: 0px !important;padding-top: 0px !important;padding-bottom: 10px !important;}&#8221; el_class=&#8221;font-weight-semibold letter-spacing-0&#8243;][vc_column_text]Ing\u00e9nieurs biologistes ( 04 )<\/p>\n<p>Techniciens biologistes ( 14 )[\/vc_column_text][\/vc_column_inner][\/vc_row_inner][vc_row_inner gap=&#8221;30&#8243; css=&#8221;.vc_custom_1538987212719{margin-top: 0px !important;margin-right: -15px !important;margin-bottom: 0px !important;margin-left: -15px !important;padding-top: 0px !important;padding-bottom: 20px !important;}&#8221;][vc_column_inner width=&#8221;1\/2&#8243; css=&#8221;.vc_custom_1574330477108{margin-top: 0px !important;margin-bottom: 0px !important;padding-top: 4px !important;padding-right: 0px !important;padding-bottom: 10px !important;padding-left: 167px !important;background-image: url(http:\/\/pac-ci.org\/cedres\/wp-content\/uploads\/2019\/11\/icones-unite-biologies_hospitalo-universitaire-1-e1574330445652.png?id=10131) !important;background-position: 0 0 !important;background-repeat: no-repeat !important;}&#8221;][vc_custom_heading text=&#8221;Praticiens hospitaliers `{`5`}`&#8221; font_container=&#8221;tag:h2|font_size:18px|text_align:left|line_height:24px&#8221; use_theme_fonts=&#8221;yes&#8221; css_animation=&#8221;none&#8221; css=&#8221;.vc_custom_1736343821174{margin-top: 0px !important;margin-bottom: 0px !important;padding-top: 0px !important;padding-bottom: 10px !important;}&#8221; el_class=&#8221;font-weight-semibold&#8221;][vc_column_text css=&#8221;.vc_custom_1736342230013{margin-top: 0px !important;margin-bottom: 0px !important;padding-top: 0px !important;padding-bottom: 0px !important;}&#8221;]Pharmaciens[\/vc_column_text][\/vc_column_inner][vc_column_inner width=&#8221;1\/2&#8243; css=&#8221;.vc_custom_1574331118577{margin-top: 0px !important;margin-bottom: 0px !important;padding-top: 4px !important;padding-right: 0px !important;padding-bottom: 10px !important;padding-left: 167px !important;background-image: url(http:\/\/pac-ci.org\/cedres\/wp-content\/uploads\/2019\/11\/icones-unite-biologies_biologiste-1-e1574331062125.png?id=10134) !important;background-position: 0 0 !important;background-repeat: no-repeat !important;}&#8221;][vc_custom_heading text=&#8221;Personnel d&#8217;appui `{`30`}`&#8221; font_container=&#8221;tag:h2|font_size:18px|text_align:left|line_height:24px&#8221; use_theme_fonts=&#8221;yes&#8221; css_animation=&#8221;none&#8221; css=&#8221;.vc_custom_1736344238899{margin-top: 0px !important;margin-bottom: 0px !important;padding-top: 0px !important;padding-bottom: 10px !important;}&#8221; el_class=&#8221;font-weight-semibold&#8221;][vc_column_text css=&#8221;.vc_custom_1736343695003{margin-top: 0px !important;margin-bottom: 0px !important;padding-top: 0px !important;padding-bottom: 0px !important;}&#8221;]Attach\u00e9 des finances<\/p>\n<p>Assistante comptable<\/p>\n<p>Informaticienne<\/p>\n<p>Charg\u00e9e de la communication<\/p>\n<p>Auxiliaires de laboratoire<\/p>\n<p>Gestionnaire de bioth\u00e8que<\/p>\n<p>Aides de laboratoire<\/p>\n<p>Caissi\u00e8re<\/p>\n<p>Gestionnaire de stock<\/p>\n<p>Gestionnaire du patrimoine<\/p>\n<p>Op\u00e9rateurs de saisie<\/p>\n<p>Secr\u00e9taires<\/p>\n<p>Technicien(ne) de surface[\/vc_column_text][\/vc_column_inner][\/vc_row_inner][\/vc_column][\/vc_row][\/vc_section]<\/p>\n","protected":false},"excerpt":{"rendered":"<p>[vc_row full_width=&#8221;stretch_row_content_no_spaces&#8221; css=&#8221;.vc_custom_1530077512369{margin-top: 0px !important;margin-bottom: 0px !important;padding-top: 0px !important;padding-bottom: 0px !important;}&#8221;][vc_column css=&#8221;.vc_custom_1530077389456{margin-top: 0px !important;margin-bottom: 0px !important;padding-top: 0px !important;padding-bottom: 0px !important;}&#8221;][vc_raw_html]JTNDbWFycXVlZSUyMGRpcmVjdGlvbiUzRCUyMmxlZnQlMjIlMjBiZWhhdmlvciUzRCUyMnNjcm9sbCUyMiUzRSUwQSUwQSUzQ0gxJTNFQmllbnZlbnVlJTIwYXUlMjBDZURSZVMlMkMlMjBwcmVtaWVyJTIwbGFib3JhdG9pcmUlMjBkJTI3YW5hbHlzZXMlMjBkZSUyMGJpb2xvZ2llJTIwbSVDMyVBOWRpY2FsZSUyMGR1JTIwc2VjdGV1ciUyMHB1YmxpYyUyMGFjY3IlQzMlQTlkaXQlQzMlQTklMjBlbiUyMEMlQzMlQjR0ZSUyMGQlMjdJdm9pcmUuJTNDJTJGSDElM0UlMEElMEElM0MlMkZtYXJxdWVlJTNF[\/vc_raw_html][vc_raw_html]JTNDYSUyMGhyZWYlM0RodHRwcyUzQSUyRiUyRmNlZHJlcy5vcmclMkYlM0ZwYWdlX2lkJTNEMTA5ODglMjIlMjBjbGFzcyUzRCUyMmJ0bi1yZW5kZXotdm91cyUyMiUzRVByZW5kcmUlMjB1biUyMHJlbmRlei12b3VzJTIwbWFpbnRlbmFudCUzQyUyRmElM0U=[\/vc_raw_html][vc_row_inner][vc_column_inner][\/vc_column_inner][\/vc_row_inner][\/vc_column][\/vc_row][vc_section full_width=&#8221;stretch_row&#8221; css=&#8221;.vc_custom_1538392730938{margin-top: 0px !important;margin-bottom: 0px !important;padding-top: 0px !important;padding-bottom: 0px !important;background-image: url(http:\/\/pac-ci.org\/cedres\/wp-content\/uploads\/2018\/10\/cornner-image.jpg?id=8316) !important;background-position: 0 0 !important;background-repeat: no-repeat !important;}&#8221; el_class=&#8221;background-position-left-top overflow-visible&#8221;][vc_row content_placement=&#8221;middle&#8221;][vc_column][vc_column_text] TARIF DES ANALYSES REALISEES AU CeDReS (en cours) [\/vc_column_text][\/vc_column][vc_column][\/vc_column][vc_column][\/vc_column][\/vc_row][vc_row css=&#8221;.vc_custom_1538395534216{margin-right: 15px !important;margin-left: 15px !important;}&#8221;][vc_column][vc_row_inner][vc_column_inner][\/vc_column_inner][\/vc_row_inner][vc_row_inner css=&#8221;.vc_custom_1538453820381{margin-top: [&hellip;]<\/p>\n","protected":false},"author":9,"featured_media":0,"parent":0,"menu_order":0,"comment_status":"closed","ping_status":"closed","template":"","meta":{"om_disable_all_campaigns":false,"footnotes":""},"class_list":["post-7860","page","type-page","status-publish","hentry"],"_links":{"self":[{"href":"https:\/\/cedres.org\/index.php?rest_route=\/wp\/v2\/pages\/7860","targetHints":{"allow":["GET"]}}],"collection":[{"href":"https:\/\/cedres.org\/index.php?rest_route=\/wp\/v2\/pages"}],"about":[{"href":"https:\/\/cedres.org\/index.php?rest_route=\/wp\/v2\/types\/page"}],"author":[{"embeddable":true,"href":"https:\/\/cedres.org\/index.php?rest_route=\/wp\/v2\/users\/9"}],"replies":[{"embeddable":true,"href":"https:\/\/cedres.org\/index.php?rest_route=%2Fwp%2Fv2%2Fcomments&post=7860"}],"version-history":[{"count":123,"href":"https:\/\/cedres.org\/index.php?rest_route=\/wp\/v2\/pages\/7860\/revisions"}],"predecessor-version":[{"id":11121,"href":"https:\/\/cedres.org\/index.php?rest_route=\/wp\/v2\/pages\/7860\/revisions\/11121"}],"wp:attachment":[{"href":"https:\/\/cedres.org\/index.php?rest_route=%2Fwp%2Fv2%2Fmedia&parent=7860"}],"curies":[{"name":"wp","href":"https:\/\/api.w.org\/{rel}","templated":true}]}}