{"id":10310,"date":"2020-01-03T02:59:55","date_gmt":"2020-01-03T01:59:55","guid":{"rendered":"http:\/\/pac-ci.org\/cedres\/?page_id=10310"},"modified":"2025-01-23T09:34:04","modified_gmt":"2025-01-23T09:34:04","slug":"publication","status":"publish","type":"page","link":"https:\/\/cedres.org\/?page_id=10310","title":{"rendered":"PUBLICATIONS"},"content":{"rendered":"<p>[vc_row][vc_column]<div class=\"rt-animated-link element-one    rt3718674348\" ><div class=\"holder\"><a class=\"main-link\" href=\"https:\/\/www.scirp.org\/%28S%28czeh4tfqyw2orz553k1w0r45%29%29\/journal\/paperinformation?paperid=131290https:\/\/www.scirp.org\/%28S%28czeh4tfqyw2orz553k1w0r45%29%29\/journal\/paperinformation?paperid=131290\" target=\" _blank\" rel=\"\">Application de l&#039;analyse m\u00e9trique Sigma pour \u00e9valuer les performances du syst\u00e8me analytique de biochimie dans un laboratoire de biologie m\u00e9dicale en C\u00f4te d&#039;Ivoire<\/a><\/div><\/div>[\/vc_column][\/vc_row][vc_row][vc_column]<div class=\"rt-animated-link element-one    rt2880069130\" ><div class=\"holder\"><a class=\"main-link\" href=\"https:\/\/stm.cairn.info\/revue-sante-publique-2017-5-page-751?lang=fr\" target=\"\" rel=\"\">Plaidoyer pour l\u2019introduction du vaccin contre l\u2019h\u00e9patite virale B \u00e0 la naissance en C\u00f4te d\u2019Ivoire<\/a><\/div><\/div>[\/vc_column][\/vc_row][vc_row][vc_column]<div class=\"rt-animated-link element-one    rt1883120651\" ><div class=\"holder\"><a class=\"main-link\" href=\"https:\/\/afrjcem.org\/non-tuberculous-mycobacteria-isolated-from-patients-with-suspected-tuberculosis-in-abidjan-ivory-coast\/\" target=\" _blank\" rel=\"\">Mycobact\u00e9ries non tuberculeuses isol\u00e9es chez des patients suspects de tuberculose \u00e0 Abidjan, C\u00f4te d\u2019Ivoire<\/a><\/div><\/div>[\/vc_column][\/vc_row]<\/p>\n","protected":false},"excerpt":{"rendered":"<p>[vc_row][vc_column][\/vc_column][\/vc_row][vc_row][vc_column][\/vc_column][\/vc_row][vc_row][vc_column][\/vc_column][\/vc_row]<\/p>\n","protected":false},"author":5,"featured_media":0,"parent":0,"menu_order":0,"comment_status":"closed","ping_status":"closed","template":"","meta":{"om_disable_all_campaigns":false,"footnotes":""},"class_list":["post-10310","page","type-page","status-publish","hentry"],"_links":{"self":[{"href":"https:\/\/cedres.org\/index.php?rest_route=\/wp\/v2\/pages\/10310","targetHints":{"allow":["GET"]}}],"collection":[{"href":"https:\/\/cedres.org\/index.php?rest_route=\/wp\/v2\/pages"}],"about":[{"href":"https:\/\/cedres.org\/index.php?rest_route=\/wp\/v2\/types\/page"}],"author":[{"embeddable":true,"href":"https:\/\/cedres.org\/index.php?rest_route=\/wp\/v2\/users\/5"}],"replies":[{"embeddable":true,"href":"https:\/\/cedres.org\/index.php?rest_route=%2Fwp%2Fv2%2Fcomments&post=10310"}],"version-history":[{"count":12,"href":"https:\/\/cedres.org\/index.php?rest_route=\/wp\/v2\/pages\/10310\/revisions"}],"predecessor-version":[{"id":11090,"href":"https:\/\/cedres.org\/index.php?rest_route=\/wp\/v2\/pages\/10310\/revisions\/11090"}],"wp:attachment":[{"href":"https:\/\/cedres.org\/index.php?rest_route=%2Fwp%2Fv2%2Fmedia&parent=10310"}],"curies":[{"name":"wp","href":"https:\/\/api.w.org\/{rel}","templated":true}]}}