{"id":10300,"date":"2020-01-03T02:30:00","date_gmt":"2020-01-03T01:30:00","guid":{"rendered":"http:\/\/pac-ci.org\/cedres\/?page_id=10300"},"modified":"2021-02-28T11:25:43","modified_gmt":"2021-02-28T10:25:43","slug":"diagnostic","status":"publish","type":"page","link":"https:\/\/cedres.org\/?page_id=10300","title":{"rendered":"DIAGNOSTIC"},"content":{"rendered":"<p>[vc_row][vc_column][vc_custom_heading text=&#8221;Les analyses r\u00e9alis\u00e9es au CeDReS.&#8221; font_container=&#8221;tag:h2|text_align:center&#8221;][vc_column_text]\n<table id=\"tablepress-7\" class=\"tablepress tablepress-id-7\">\n<thead>\n<tr class=\"row-1 odd\">\n\t<th class=\"column-1\">SPECIALITES<\/th><th class=\"column-2\">TESTS REALISES<\/th><th class=\"column-3\">CONDITIONS DE PRELEVEMENT<\/th><th class=\"column-4\">DELAIS DE RENDU DES RESULTATS<\/th><th class=\"column-5\">TARIFS ( F CFA)<\/th>\n<\/tr>\n<\/thead>\n<tbody class=\"row-hover\">\n<tr class=\"row-2 even\">\n\t<td class=\"column-1\">1.\tHEMATOLOGIE<\/td><td class=\"column-2\">\u2022\tNFS<\/td><td class=\"column-3\"><\/td><td class=\"column-4\">24 heures<\/td><td class=\"column-5\">4000<\/td>\n<\/tr>\n<tr class=\"row-3 odd\">\n\t<td class=\"column-1\"><\/td><td class=\"column-2\">\u2022\tVS<\/td><td class=\"column-3\"><\/td><td class=\"column-4\">24 heures<\/td><td class=\"column-5\"><\/td>\n<\/tr>\n<tr class=\"row-4 even\">\n\t<td class=\"column-1\"><\/td><td class=\"column-2\">\u2022\tTaux de r\u00e9ticulocytes<\/td><td class=\"column-3\"><\/td><td class=\"column-4\">24 heures<\/td><td class=\"column-5\"><\/td>\n<\/tr>\n<tr class=\"row-5 odd\">\n\t<td class=\"column-1\">2.\tIMMUNOLOGIE<\/td><td class=\"column-2\">\u2022\tNum\u00e9ration CD4<\/td><td class=\"column-3\">\u00e0 je\u00fbn<\/td><td class=\"column-4\">48 heures<\/td><td class=\"column-5\"><\/td>\n<\/tr>\n<tr class=\"row-6 even\">\n\t<td class=\"column-1\"><\/td><td class=\"column-2\">\u2022\tS\u00e9rologie VIH 1&amp;2<\/td><td class=\"column-3\">\u00e0 je\u00fbn<\/td><td class=\"column-4\">Tous les Lundis et Mercredis<\/td><td class=\"column-5\"><\/td>\n<\/tr>\n<tr class=\"row-7 odd\">\n\t<td class=\"column-1\"><\/td><td class=\"column-2\">\u2022\tAg HBS<\/td><td class=\"column-3\">\u00e0 je\u00fbn<\/td><td class=\"column-4\">1 Semaine<\/td><td class=\"column-5\"><\/td>\n<\/tr>\n<tr class=\"row-8 even\">\n\t<td class=\"column-1\"><\/td><td class=\"column-2\">\u2022\tAc Anti HBS<\/td><td class=\"column-3\">\u00e0 je\u00fbn<\/td><td class=\"column-4\">Tous les derniers jeudis du mois<\/td><td class=\"column-5\"><\/td>\n<\/tr>\n<tr class=\"row-9 odd\">\n\t<td class=\"column-1\"><\/td><td class=\"column-2\">\u2022\tAc Anti HBC Totaux<\/td><td class=\"column-3\">\u00e0 je\u00fbn<\/td><td class=\"column-4\">1 Semaine<\/td><td class=\"column-5\"><\/td>\n<\/tr>\n<tr class=\"row-10 even\">\n\t<td class=\"column-1\"><\/td><td class=\"column-2\">\u2022\tAc Anti HBC IgM<\/td><td class=\"column-3\">\u00e0 je\u00fbn<\/td><td class=\"column-4\">1 Semaine<\/td><td class=\"column-5\"><\/td>\n<\/tr>\n<tr class=\"row-11 odd\">\n\t<td class=\"column-1\"><\/td><td class=\"column-2\">\u2022\tAc Anti HCV<\/td><td class=\"column-3\">\u00e0 je\u00fbn<\/td><td class=\"column-4\">Tous les derniers Mardis du mois<\/td><td class=\"column-5\"><\/td>\n<\/tr>\n<tr class=\"row-12 even\">\n\t<td class=\"column-1\"><\/td><td class=\"column-2\">\u2022\tWidal et F\u00e9lix <\/td><td class=\"column-3\">\u00e0 je\u00fbn<\/td><td class=\"column-4\">Tous les derniers Jeudis du mois<\/td><td class=\"column-5\"><\/td>\n<\/tr>\n<tr class=\"row-13 odd\">\n\t<td class=\"column-1\"><\/td><td class=\"column-2\">\u2022\tAc Anti HBE<\/td><td class=\"column-3\">\u00e0 je\u00fbn<\/td><td class=\"column-4\">24 heures<\/td><td class=\"column-5\"><\/td>\n<\/tr>\n<tr class=\"row-14 even\">\n\t<td class=\"column-1\"><\/td><td class=\"column-2\">\u2022\tS\u00e9rologie Toxoplasmose IgG\/IgM<\/td><td class=\"column-3\">\u00e0 je\u00fbn<\/td><td class=\"column-4\">15 jours<\/td><td class=\"column-5\"><\/td>\n<\/tr>\n<tr class=\"row-15 odd\">\n\t<td class=\"column-1\"><\/td><td class=\"column-2\">\u2022\tS\u00e9rologie Chlamydiae IgG\/IgA<\/td><td class=\"column-3\">\u00e0 je\u00fbn<\/td><td class=\"column-4\">15 jours<\/td><td class=\"column-5\"><\/td>\n<\/tr>\n<tr class=\"row-16 even\">\n\t<td class=\"column-1\"><\/td><td class=\"column-2\">\u2022\tS\u00e9rologie Syphillis (TPHA\/VDRL)<\/td><td class=\"column-3\">\u00e0 je\u00fbn<\/td><td class=\"column-4\">48 Heures<\/td><td class=\"column-5\"><\/td>\n<\/tr>\n<tr class=\"row-17 odd\">\n\t<td class=\"column-1\">3.\tBIOCHIMIE SANGUINE<\/td><td class=\"column-2\">\u2022\tUr\u00e9e<\/td><td class=\"column-3\">\u00e0 je\u00fbn<\/td><td class=\"column-4\">24 heures<\/td><td class=\"column-5\"><\/td>\n<\/tr>\n<tr class=\"row-18 even\">\n\t<td class=\"column-1\"><\/td><td class=\"column-2\">\u2022\tCr\u00e9atinine<\/td><td class=\"column-3\">\u00e0 je\u00fbn<\/td><td class=\"column-4\">24 heures<\/td><td class=\"column-5\"><\/td>\n<\/tr>\n<tr class=\"row-19 odd\">\n\t<td class=\"column-1\"><\/td><td class=\"column-2\">\u2022\tClairance r\u00e9nale de la cr\u00e9atinine<\/td><td class=\"column-3\">\u00e0 je\u00fbn<\/td><td class=\"column-4\">24 heures<\/td><td class=\"column-5\"><\/td>\n<\/tr>\n<tr class=\"row-20 even\">\n\t<td class=\"column-1\"><\/td><td class=\"column-2\">\u2022\tGlucose<\/td><td class=\"column-3\">\u00e0 je\u00fbn<\/td><td class=\"column-4\">24 heures<\/td><td class=\"column-5\"><\/td>\n<\/tr>\n<tr class=\"row-21 odd\">\n\t<td class=\"column-1\"><\/td><td class=\"column-2\">\u2022\tCholest\u00e9rol-Total<\/td><td class=\"column-3\">\u00e0 je\u00fbn<\/td><td class=\"column-4\">24 heures<\/td><td class=\"column-5\"><\/td>\n<\/tr>\n<tr class=\"row-22 even\">\n\t<td class=\"column-1\"><\/td><td class=\"column-2\">\u2022\tHDL Cholest\u00e9rol<\/td><td class=\"column-3\">\u00e0 je\u00fbn<\/td><td class=\"column-4\">24 heures<\/td><td class=\"column-5\"><\/td>\n<\/tr>\n<tr class=\"row-23 odd\">\n\t<td class=\"column-1\"><\/td><td class=\"column-2\">\u2022\tLDL Cholest\u00e9rol<\/td><td class=\"column-3\">\u00e0 je\u00fbn<\/td><td class=\"column-4\">24 heures<\/td><td class=\"column-5\"><\/td>\n<\/tr>\n<tr class=\"row-24 even\">\n\t<td class=\"column-1\"><\/td><td class=\"column-2\">\u2022\tTriglyc\u00e9rides<\/td><td class=\"column-3\">\u00e0 je\u00fbn<\/td><td class=\"column-4\">24 heures<\/td><td class=\"column-5\"><\/td>\n<\/tr>\n<tr class=\"row-25 odd\">\n\t<td class=\"column-1\"><\/td><td class=\"column-2\">\u2022\tAcide urique<\/td><td class=\"column-3\">\u00e0 je\u00fbn<\/td><td class=\"column-4\">24 heures<\/td><td class=\"column-5\"><\/td>\n<\/tr>\n<tr class=\"row-26 even\">\n\t<td class=\"column-1\"><\/td><td class=\"column-2\">\u2022\tAcide Lactique<\/td><td class=\"column-3\">\u00e0 je\u00fbn<\/td><td class=\"column-4\">24 heures<\/td><td class=\"column-5\"><\/td>\n<\/tr>\n<tr class=\"row-27 odd\">\n\t<td class=\"column-1\"><\/td><td class=\"column-2\">\u2022\tBilirubine Totale<\/td><td class=\"column-3\">\u00e0 je\u00fbn<\/td><td class=\"column-4\">24 heures<\/td><td class=\"column-5\"><\/td>\n<\/tr>\n<tr class=\"row-28 even\">\n\t<td class=\"column-1\"><\/td><td class=\"column-2\">\u2022\tBilirubine Conjugu\u00e9e<\/td><td class=\"column-3\">\u00e0 je\u00fbn<\/td><td class=\"column-4\">24 heures<\/td><td class=\"column-5\"><\/td>\n<\/tr>\n<tr class=\"row-29 odd\">\n\t<td class=\"column-1\"><\/td><td class=\"column-2\">\u2022\tIonogramme Sanguin<\/td><td class=\"column-3\">\u00e0 je\u00fbn<\/td><td class=\"column-4\">24 heures<\/td><td class=\"column-5\"><\/td>\n<\/tr>\n<tr class=\"row-30 even\">\n\t<td class=\"column-1\"><\/td><td class=\"column-2\">\u2022\tMagn\u00e9sium<\/td><td class=\"column-3\">\u00e0 je\u00fbn<\/td><td class=\"column-4\">24 heures<\/td><td class=\"column-5\"><\/td>\n<\/tr>\n<tr class=\"row-31 odd\">\n\t<td class=\"column-1\"><\/td><td class=\"column-2\">\u2022\tAlbumine sanguin<\/td><td class=\"column-3\">\u00e0 je\u00fbn<\/td><td class=\"column-4\">24 heures<\/td><td class=\"column-5\"><\/td>\n<\/tr>\n<tr class=\"row-32 even\">\n\t<td class=\"column-1\"><\/td><td class=\"column-2\">\u2022\tProt\u00e9ines Totales<\/td><td class=\"column-3\">\u00e0 je\u00fbn<\/td><td class=\"column-4\">24 heures<\/td><td class=\"column-5\"><\/td>\n<\/tr>\n<tr class=\"row-33 odd\">\n\t<td class=\"column-1\"><\/td><td class=\"column-2\">\u2022\tTransaminases (ASAT + ALAT)<\/td><td class=\"column-3\">\u00e0 je\u00fbn<\/td><td class=\"column-4\">24 heures<\/td><td class=\"column-5\"><\/td>\n<\/tr>\n<tr class=\"row-34 even\">\n\t<td class=\"column-1\"><\/td><td class=\"column-2\">\u2022\tPhosphatase alcaline (PAL)<\/td><td class=\"column-3\">\u00e0 je\u00fbn<\/td><td class=\"column-4\">24 heures<\/td><td class=\"column-5\"><\/td>\n<\/tr>\n<tr class=\"row-35 odd\">\n\t<td class=\"column-1\"><\/td><td class=\"column-2\">\u2022\tLactate deshydrog\u00e9nase (LDH)<\/td><td class=\"column-3\">\u00e0 je\u00fbn<\/td><td class=\"column-4\">24 heures<\/td><td class=\"column-5\"><\/td>\n<\/tr>\n<tr class=\"row-36 even\">\n\t<td class=\"column-1\"><\/td><td class=\"column-2\">\u2022\tGamma Glutamyl Transf\u00e9rase (GGT)<\/td><td class=\"column-3\">\u00e0 je\u00fbn<\/td><td class=\"column-4\">24 heures<\/td><td class=\"column-5\"><\/td>\n<\/tr>\n<tr class=\"row-37 odd\">\n\t<td class=\"column-1\"><\/td><td class=\"column-2\">\u2022\tCr\u00e9atine phospho-kinase (CPK)<\/td><td class=\"column-3\">\u00e0 je\u00fbn<\/td><td class=\"column-4\">24 heures<\/td><td class=\"column-5\"><\/td>\n<\/tr>\n<tr class=\"row-38 even\">\n\t<td class=\"column-1\">4.\tBIOCHIMIE  URINAIRE<\/td><td class=\"column-2\">\u2022\tProt\u00e9inurie*  + Glucose*<\/td><td class=\"column-3\">* Urine d\u2019une miction<\/td><td class=\"column-4\">24 heures<\/td><td class=\"column-5\"><\/td>\n<\/tr>\n<tr class=\"row-39 odd\">\n\t<td class=\"column-1\"><\/td><td class=\"column-2\">\u2022\tProt\u00e9inurie de 24 h\uf051<\/td><td class=\"column-3\">\uf051 Urine de 24 h<\/td><td class=\"column-4\">24 heures<\/td><td class=\"column-5\"><\/td>\n<\/tr>\n<tr class=\"row-40 even\">\n\t<td class=\"column-1\"><\/td><td class=\"column-2\">\u2022\tUr\u00e9e\uf051<\/td><td class=\"column-3\">\uf051 Urine de 24 h<\/td><td class=\"column-4\">24 heures<\/td><td class=\"column-5\"><\/td>\n<\/tr>\n<tr class=\"row-41 odd\">\n\t<td class=\"column-1\"><\/td><td class=\"column-2\">\u2022\tCr\u00e9atinine\uf051<\/td><td class=\"column-3\">\uf051 Urine de 24 h<\/td><td class=\"column-4\">24 heures<\/td><td class=\"column-5\"><\/td>\n<\/tr>\n<tr class=\"row-42 even\">\n\t<td class=\"column-1\"><\/td><td class=\"column-2\">\u2022\tAcide Urique\uf051<\/td><td class=\"column-3\">\uf051 Urine de 24 h<\/td><td class=\"column-4\">24 heures<\/td><td class=\"column-5\"><\/td>\n<\/tr>\n<tr class=\"row-43 odd\">\n\t<td class=\"column-1\"><\/td><td class=\"column-2\">\u2022\tIonogramme Urinaire\uf051<\/td><td class=\"column-3\">\uf051 Urine de 24 h<\/td><td class=\"column-4\">24 heures<\/td><td class=\"column-5\"><\/td>\n<\/tr>\n<tr class=\"row-44 even\">\n\t<td class=\"column-1\"><\/td><td class=\"column-2\">\u2022\tCalcium\uf051<\/td><td class=\"column-3\">\uf051 Urine de 24 h<\/td><td class=\"column-4\">24 heures<\/td><td class=\"column-5\"><\/td>\n<\/tr>\n<tr class=\"row-45 odd\">\n\t<td class=\"column-1\"><\/td><td class=\"column-2\">\u2022\tMagn\u00e9sium\uf051<\/td><td class=\"column-3\">\uf051 Urine de 24 h<\/td><td class=\"column-4\">24 heures<\/td><td class=\"column-5\"><\/td>\n<\/tr>\n<tr class=\"row-46 even\">\n\t<td class=\"column-1\"><\/td><td class=\"column-2\">\u2022\tAmylase\uf051<\/td><td class=\"column-3\">\uf051 Urine de 24 h<\/td><td class=\"column-4\">24 heures<\/td><td class=\"column-5\"><\/td>\n<\/tr>\n<tr class=\"row-47 odd\">\n\t<td class=\"column-1\">5.\tBIOCHIMIE <br \/>\n(autres milieux biologiques)<br \/>\n<\/td><td class=\"column-2\">Chimie de liquides d\u2019\u00e9panchement <\/td><td class=\"column-3\"><\/td><td class=\"column-4\">24 heures<\/td><td class=\"column-5\"><\/td>\n<\/tr>\n<tr class=\"row-48 even\">\n\t<td class=\"column-1\"><\/td><td class=\"column-2\">Chimie du LCR<\/td><td class=\"column-3\"><\/td><td class=\"column-4\">24 heures<\/td><td class=\"column-5\"><\/td>\n<\/tr>\n<tr class=\"row-49 odd\">\n\t<td class=\"column-1\">6.\tBACT\u00c9RIOLOGIE<\/td><td class=\"column-2\">\u2022\tECBU<\/td><td class=\"column-3\">1 \u00e8res urines du matin<\/td><td class=\"column-4\">5 jours<\/td><td class=\"column-5\"><\/td>\n<\/tr>\n<tr class=\"row-50 even\">\n\t<td class=\"column-1\"><\/td><td class=\"column-2\">\u2022\tCoproculture<\/td><td class=\"column-3\"><\/td><td class=\"column-4\">5 jours<\/td><td class=\"column-5\"><\/td>\n<\/tr>\n<tr class=\"row-51 odd\">\n\t<td class=\"column-1\"><\/td><td class=\"column-2\">\u2022\tH\u00e9moculture<\/td><td class=\"column-3\"><\/td><td class=\"column-4\">12 jours<\/td><td class=\"column-5\"><\/td>\n<\/tr>\n<tr class=\"row-52 even\">\n\t<td class=\"column-1\"><\/td><td class=\"column-2\">\u2022\tLCR<\/td><td class=\"column-3\">Voir salle de Pr\u00e9l\u00e8vement<\/td><td class=\"column-4\">le m\u00eame jour<\/td><td class=\"column-5\"><\/td>\n<\/tr>\n<tr class=\"row-53 odd\">\n\t<td class=\"column-1\"><\/td><td class=\"column-2\">\u2022\tPV\/PU<\/td><td class=\"column-3\"><\/td><td class=\"column-4\">4 jours maximum<\/td><td class=\"column-5\"><\/td>\n<\/tr>\n<tr class=\"row-54 even\">\n\t<td class=\"column-1\"><\/td><td class=\"column-2\">\u2022\tLiquides d'\u00e9panchement (Ascite, Liquide Pleural,\u2026)<\/td><td class=\"column-3\"><\/td><td class=\"column-4\">5 jours<\/td><td class=\"column-5\"><\/td>\n<\/tr>\n<tr class=\"row-55 odd\">\n\t<td class=\"column-1\"><\/td><td class=\"column-2\">\u2022\tPus, plais, peau <\/td><td class=\"column-3\"><\/td><td class=\"column-4\">5 jours<\/td><td class=\"column-5\"><\/td>\n<\/tr>\n<tr class=\"row-56 even\">\n\t<td class=\"column-1\">7.\tPARASITOLOGIE DES SELLES <\/td><td class=\"column-2\">\u2022\tExamen Parasitologique des Selles (KOP)<\/td><td class=\"column-3\"><\/td><td class=\"column-4\">le m\u00eame jour<\/td><td class=\"column-5\"><\/td>\n<\/tr>\n<tr class=\"row-57 odd\">\n\t<td class=\"column-1\"><\/td><td class=\"column-2\">\u2022\tRecherche de Cryptosporidies dans les selles<\/td><td class=\"column-3\"><\/td><td class=\"column-4\">2 jours<\/td><td class=\"column-5\"><\/td>\n<\/tr>\n<tr class=\"row-58 even\">\n\t<td class=\"column-1\"><\/td><td class=\"column-2\">\u2022\tRecherche de Microsporidies dans les selles<\/td><td class=\"column-3\"><\/td><td class=\"column-4\">2 jours<\/td><td class=\"column-5\"><\/td>\n<\/tr>\n<tr class=\"row-59 odd\">\n\t<td class=\"column-1\">8.\tPARASITOLOGIE DES URINES<\/td><td class=\"column-2\">\u2022\tExamen Parasitologique des urines<\/td><td class=\"column-3\"><\/td><td class=\"column-4\">le m\u00eame jour<\/td><td class=\"column-5\"><\/td>\n<\/tr>\n<tr class=\"row-60 even\">\n\t<td class=\"column-1\">9.\tPARASITOLOGIE SANGUINE<\/td><td class=\"column-2\">\u2022\tRecherche d\u2019autres parasites sanguicoles<\/td><td class=\"column-3\"><\/td><td class=\"column-4\">le m\u00eame jour<\/td><td class=\"column-5\"><\/td>\n<\/tr>\n<tr class=\"row-61 odd\">\n\t<td class=\"column-1\"><\/td><td class=\"column-2\">\u2022\tRecherche de Pneumocystis jiroveci<\/td><td class=\"column-3\"><\/td><td class=\"column-4\">2 jours<\/td><td class=\"column-5\"><\/td>\n<\/tr>\n<tr class=\"row-62 even\">\n\t<td class=\"column-1\"><\/td><td class=\"column-2\">\u2022\tExamen Mycologique<\/td><td class=\"column-3\"><\/td><td class=\"column-4\">7 \u00e0 14 jours<\/td><td class=\"column-5\"><\/td>\n<\/tr>\n<tr class=\"row-63 odd\">\n\t<td class=\"column-1\"><\/td><td class=\"column-2\">\u2022\tRecherche d\u2019Antig\u00e8nes solubles de Cryptocoque<\/td><td class=\"column-3\"><\/td><td class=\"column-4\">le m\u00eame jour<\/td><td class=\"column-5\"><\/td>\n<\/tr>\n<tr class=\"row-64 even\">\n\t<td class=\"column-1\"><\/td><td class=\"column-2\">\u2022\tRecherche de Cryptocoque dans le LCR<\/td><td class=\"column-3\"><\/td><td class=\"column-4\">le m\u00eame jour<\/td><td class=\"column-5\"><\/td>\n<\/tr>\n<tr class=\"row-65 odd\">\n\t<td class=\"column-1\">11.\tMYCOBACTERIOLOGIE<\/td><td class=\"column-2\">. Recherche de BK direct<\/td><td class=\"column-3\"><\/td><td class=\"column-4\">24 heures<\/td><td class=\"column-5\"><\/td>\n<\/tr>\n<tr class=\"row-66 even\">\n\t<td class=\"column-1\"><\/td><td class=\"column-2\">\u2022\tRecherche de BK culture<\/td><td class=\"column-3\"><\/td><td class=\"column-4\">52 jours<\/td><td class=\"column-5\"><\/td>\n<\/tr>\n<tr class=\"row-67 odd\">\n\t<td class=\"column-1\"><\/td><td class=\"column-2\">\u2022\tH\u00e9moculture BK<\/td><td class=\"column-3\"><\/td><td class=\"column-4\">52 jours<\/td><td class=\"column-5\"><\/td>\n<\/tr>\n<tr class=\"row-68 even\">\n\t<td class=\"column-1\"><\/td><td class=\"column-2\">\u2022\tAntibiogramme BK<\/td><td class=\"column-3\"><\/td><td class=\"column-4\">60 jours<\/td><td class=\"column-5\"><\/td>\n<\/tr>\n<tr class=\"row-69 odd\">\n\t<td class=\"column-1\">12.\tBIOLOGIE MOLECULAIRE<\/td><td class=\"column-2\">\u2022\tCharge virale plasmatique ARN VIH1<\/td><td class=\"column-3\">Tube EDTA<\/td><td class=\"column-4\">30 Jours sauf projets de recherche et d\u00e9pistage pr\u00e9coce VIH-1 (15 j)<\/td><td class=\"column-5\"><\/td>\n<\/tr>\n<tr class=\"row-70 even\">\n\t<td class=\"column-1\"><\/td><td class=\"column-2\">\u2022\tCharge virale cellulaire ADN VIH1<\/td><td class=\"column-3\">Tube EDTA<\/td><td class=\"column-4\">30 Jours sauf projets de recherche et d\u00e9pistage pr\u00e9coce VIH-1 (15 j)<\/td><td class=\"column-5\"><\/td>\n<\/tr>\n<tr class=\"row-71 odd\">\n\t<td class=\"column-1\"><\/td><td class=\"column-2\">\u2022\tCharge virale plasmatique ARN VIH2<\/td><td class=\"column-3\"><\/td><td class=\"column-4\">30 Jours sauf projets de recherche et d\u00e9pistage pr\u00e9coce VIH-1 (15 j)<\/td><td class=\"column-5\"><\/td>\n<\/tr>\n<tr class=\"row-72 even\">\n\t<td class=\"column-1\"><\/td><td class=\"column-2\">\u2022\tCharge virale ARN VIH1 dans le LCR<\/td><td class=\"column-3\">Tube sec<\/td><td class=\"column-4\">30 Jours sauf projets de recherche et d\u00e9pistage pr\u00e9coce VIH-1 (15 j)<\/td><td class=\"column-5\"><\/td>\n<\/tr>\n<tr class=\"row-73 odd\">\n\t<td class=\"column-1\"><\/td><td class=\"column-2\">\u2022\tCharge virale ARN VIH1 dans le lait maternel<\/td><td class=\"column-3\">Tube sec<\/td><td class=\"column-4\">30 Jours sauf projets de recherche et d\u00e9pistage pr\u00e9coce VIH-1 (15 j)<\/td><td class=\"column-5\"><\/td>\n<\/tr>\n<tr class=\"row-74 even\">\n\t<td class=\"column-1\"><\/td><td class=\"column-2\">\u2022\tD\u00e9pistage p\u00e9diatrique pr\u00e9coce du VIH1<\/td><td class=\"column-3\">Tube Falcon 15 ml conique<\/td><td class=\"column-4\">30 Jours sauf projets de recherche et d\u00e9pistage pr\u00e9coce VIH-1 (15 j)<\/td><td class=\"column-5\"><\/td>\n<\/tr>\n<tr class=\"row-75 odd\">\n\t<td class=\"column-1\"><\/td><td class=\"column-2\">\u2022\tD\u00e9pistage p\u00e9diatrique pr\u00e9coce du VIH2<\/td><td class=\"column-3\">Tube EDTA ou DBS<\/td><td class=\"column-4\">30 Jours sauf projets de recherche et d\u00e9pistage pr\u00e9coce VIH-1 (15 j)<\/td><td class=\"column-5\"><\/td>\n<\/tr>\n<\/tbody>\n<\/table>\n<!-- #tablepress-7 from cache -->[\/vc_column_text][\/vc_column][\/vc_row]<\/p>\n","protected":false},"excerpt":{"rendered":"<p>[vc_row][vc_column][vc_custom_heading text=&#8221;Les analyses r\u00e9alis\u00e9es au CeDReS.&#8221; font_container=&#8221;tag:h2|text_align:center&#8221;][vc_column_text][\/vc_column_text][\/vc_column][\/vc_row]<\/p>\n","protected":false},"author":5,"featured_media":0,"parent":0,"menu_order":0,"comment_status":"closed","ping_status":"closed","template":"","meta":{"om_disable_all_campaigns":false,"footnotes":""},"class_list":["post-10300","page","type-page","status-publish","hentry"],"_links":{"self":[{"href":"https:\/\/cedres.org\/index.php?rest_route=\/wp\/v2\/pages\/10300","targetHints":{"allow":["GET"]}}],"collection":[{"href":"https:\/\/cedres.org\/index.php?rest_route=\/wp\/v2\/pages"}],"about":[{"href":"https:\/\/cedres.org\/index.php?rest_route=\/wp\/v2\/types\/page"}],"author":[{"embeddable":true,"href":"https:\/\/cedres.org\/index.php?rest_route=\/wp\/v2\/users\/5"}],"replies":[{"embeddable":true,"href":"https:\/\/cedres.org\/index.php?rest_route=%2Fwp%2Fv2%2Fcomments&post=10300"}],"version-history":[{"count":11,"href":"https:\/\/cedres.org\/index.php?rest_route=\/wp\/v2\/pages\/10300\/revisions"}],"predecessor-version":[{"id":10699,"href":"https:\/\/cedres.org\/index.php?rest_route=\/wp\/v2\/pages\/10300\/revisions\/10699"}],"wp:attachment":[{"href":"https:\/\/cedres.org\/index.php?rest_route=%2Fwp%2Fv2%2Fmedia&parent=10300"}],"curies":[{"name":"wp","href":"https:\/\/api.w.org\/{rel}","templated":true}]}}